{"id":5356,"date":"2023-09-13T14:48:48","date_gmt":"2023-09-13T14:48:48","guid":{"rendered":"https:\/\/comunicasmas.com\/mutual-medica\/informe-sostenibilidad-2022\/?page_id=5356"},"modified":"2023-10-10T16:01:03","modified_gmt":"2023-10-10T16:01:03","slug":"sobre-aquest-informe","status":"publish","type":"page","link":"https:\/\/comunicasmas.com\/mutual-medica\/informe-sostenibilidad-2022\/ca\/sobre-aquest-informe\/","title":{"rendered":"SOBRE AQUEST INFORME"},"content":{"rendered":"\n<p id=\"bases-de-preparacio-i-presentacio-de-l-informe\"><\/p>\n\n\n\n<h2>Bases de preparaci\u00f3 i presentaci\u00f3 de l\u2019informe<\/h2>\n\n\n\n<p>Per a ser fidels a la nostra ra\u00f3 de ser i fomentar la transpar\u00e8ncia amb els mutualistes, hem elaborat el nostre primer Informe de Sostenibilitat.<\/p>\n\n\n\n<p>El present informe t\u00e9 com a objectiu presentar els resultats de les activitats dutes a terme en mat\u00e8ria econ\u00f2mica, social i ambiental per Mutual M\u00e8dica, Mutualitat de Previsi\u00f3 Social a Prima fixa. La informaci\u00f3 i les dades presentades es corresponen al mateix per\u00edmetre de consolidaci\u00f3 referit en els estats financers de l&#8217;exercici 2022 de l&#8217;entitat. El per\u00edode objecte de la informaci\u00f3 reportada compr\u00e8n des de l&#8217;1 de gener fins al 31 de desembre de 2022 i coincideix amb el dels informes financers de l&#8217;entitat.<\/p>\n\n\n\n<p>Per a l&#8217;elaboraci\u00f3 d&#8217;aquest informe s&#8217;han utilitzat com a refer\u00e8ncia els est\u00e0ndards de Global Reporting Initiative (GRI), aplicant els principis de precisi\u00f3, equilibri, claredat, comparabilitat, fiabilitat i puntualitat, que garanteixen la qualitat de la informaci\u00f3 reportada.<\/p>\n\n\n\n<p>El present Informe inclou tota aquella informaci\u00f3 rellevant per a Mutual M\u00e8dica i els seus grups d&#8217;inter\u00e8s. En 2022 s&#8217;ha dut a terme un estudi de materialitat que ha perm\u00e8s identificar aquells aspectes de gran impacte per a Mutual M\u00e8dica i els seus grups d&#8217;inter\u00e8s, i que ha servit de base per a la preparaci\u00f3 d&#8217;aquest informe (consultar l&#8217;apartat 2.3).<\/p>\n\n\n\n<p>Els temes m\u00e9s rellevants detectats en l&#8217;\u00e0mbit mediambiental, social i de govern queden coberts pels assumptes materials i la informaci\u00f3 continguda en aquest Informe. Aquest informe ofereix una visi\u00f3 completa de l&#8217;acompliment de Mutual M\u00e8dica, ressaltant especialment el comprom\u00eds per l&#8217;ajuda m\u00fatua, la reinversi\u00f3 de beneficis en els propis mutualistes, i les noves pol\u00edtiques i iniciatives sostenibles creades per a l&#8217;entitat, el col\u00b7lectiu m\u00e8dic i la societat. Al seu torn, reflecteix el comprom\u00eds de Mutual M\u00e8dica amb la sostenibilitat, la transpar\u00e8ncia, la contribuci\u00f3 al desenvolupament de la societat i la relaci\u00f3 amb els grups d&#8217;inter\u00e8s.<\/p>\n\n\n\n<p>Per a preguntes relacionades amb aquest informe contacti amb el Departament de Comunicaci\u00f3, Marca, RR. II. i Sostenibilitat a trav\u00e9s de <a href=\"mailto:comunicacio@mutualmedica.com\">comunicacio@mutualmedica.com<\/a>.<\/p>\n\n\n\n<p id=\"taula-de-continguts-gri-standard\"><\/p>\n\n\n\n<h2>Taula de continguts GRI Standard<\/h2>\n\n\n\n<h3>Declaraci\u00f3 d&#8217;\u00fas<\/h3>\n\n\n\n<p>Mutual M\u00e8dica ha presentat la informaci\u00f3 citada en aquest \u00edndex de continguts GRI per al per\u00edode compr\u00e8s entre l\u20191 de gener 2022 i el 31 de desembre de 2022 utilitzant com a refer\u00e8ncia els Est\u00e0ndards GRI.<\/p>\n\n\n\n<figure class=\"wp-block-image size-full margin_zero\"><img loading=\"lazy\" width=\"1106\" height=\"2560\" src=\"https:\/\/comunicasmas.com\/mutual-medica\/informe-sostenibilidad-2022\/wp-content\/uploads\/2023\/10\/gri-cat-scaled.jpg\" alt=\"\" class=\"wp-image-5597\" srcset=\"https:\/\/comunicasmas.com\/mutual-medica\/informe-sostenibilidad-2022\/wp-content\/uploads\/2023\/10\/gri-cat-scaled.jpg 1106w, https:\/\/comunicasmas.com\/mutual-medica\/informe-sostenibilidad-2022\/wp-content\/uploads\/2023\/10\/gri-cat-980x2268.jpg 980w, https:\/\/comunicasmas.com\/mutual-medica\/informe-sostenibilidad-2022\/wp-content\/uploads\/2023\/10\/gri-cat-480x1111.jpg 480w\" sizes=\"(min-width: 0px) and (max-width: 480px) 480px, (min-width: 481px) and (max-width: 980px) 980px, (min-width: 981px) 1106px, 100vw\" \/><\/figure>\n\n\n\n<p><\/p>\n","protected":false},"excerpt":{"rendered":"<p>Bases de preparaci\u00f3 i presentaci\u00f3 de l\u2019informe Per a ser fidels a la nostra ra\u00f3 de ser i fomentar la transpar\u00e8ncia amb els mutualistes, hem elaborat el nostre primer Informe de Sostenibilitat. El present informe t\u00e9 com a objectiu presentar els resultats de les activitats dutes a terme en mat\u00e8ria econ\u00f2mica, social i ambiental per [&hellip;]<\/p>\n","protected":false},"author":1,"featured_media":4550,"parent":0,"menu_order":0,"comment_status":"closed","ping_status":"closed","template":"","meta":{"_et_pb_use_builder":"","_et_pb_old_content":"","_et_gb_content_width":""},"_links":{"self":[{"href":"https:\/\/comunicasmas.com\/mutual-medica\/informe-sostenibilidad-2022\/wp-json\/wp\/v2\/pages\/5356"}],"collection":[{"href":"https:\/\/comunicasmas.com\/mutual-medica\/informe-sostenibilidad-2022\/wp-json\/wp\/v2\/pages"}],"about":[{"href":"https:\/\/comunicasmas.com\/mutual-medica\/informe-sostenibilidad-2022\/wp-json\/wp\/v2\/types\/page"}],"author":[{"embeddable":true,"href":"https:\/\/comunicasmas.com\/mutual-medica\/informe-sostenibilidad-2022\/wp-json\/wp\/v2\/users\/1"}],"replies":[{"embeddable":true,"href":"https:\/\/comunicasmas.com\/mutual-medica\/informe-sostenibilidad-2022\/wp-json\/wp\/v2\/comments?post=5356"}],"version-history":[{"count":7,"href":"https:\/\/comunicasmas.com\/mutual-medica\/informe-sostenibilidad-2022\/wp-json\/wp\/v2\/pages\/5356\/revisions"}],"predecessor-version":[{"id":5600,"href":"https:\/\/comunicasmas.com\/mutual-medica\/informe-sostenibilidad-2022\/wp-json\/wp\/v2\/pages\/5356\/revisions\/5600"}],"wp:featuredmedia":[{"embeddable":true,"href":"https:\/\/comunicasmas.com\/mutual-medica\/informe-sostenibilidad-2022\/wp-json\/wp\/v2\/media\/4550"}],"wp:attachment":[{"href":"https:\/\/comunicasmas.com\/mutual-medica\/informe-sostenibilidad-2022\/wp-json\/wp\/v2\/media?parent=5356"}],"curies":[{"name":"wp","href":"https:\/\/api.w.org\/{rel}","templated":true}]}}