{"id":5354,"date":"2023-09-13T14:48:26","date_gmt":"2023-09-13T14:48:26","guid":{"rendered":"https:\/\/comunicasmas.com\/mutual-medica\/informe-sostenibilidad-2022\/?page_id=5354"},"modified":"2023-09-22T12:57:43","modified_gmt":"2023-09-22T12:57:43","slug":"presentacio-de-linforme-2022","status":"publish","type":"page","link":"https:\/\/comunicasmas.com\/mutual-medica\/informe-sostenibilidad-2022\/ca\/presentacio-de-linforme-2022\/","title":{"rendered":"PRESENTACI\u00d3 DE L&#8217;INFORME 2022"},"content":{"rendered":"\n<p id=\"carta-de-la-presidenta\"><\/p>\n\n\n\n<h1><strong><a>Mutual M\u00e8dica aposta per una gesti\u00f3 m\u00e9s eficient i sostenible<\/a><\/strong><\/h1>\n\n\n\n<div style=\"height:50px\" aria-hidden=\"true\" class=\"wp-block-spacer\"><\/div>\n\n\n\n<p>Benvolguts mutualistes:<\/p>\n\n\n\n<p>Em complau presentar-vos el primer <strong>Informe de sostenibilitat<\/strong> de Mutual M\u00e8dica en el qual es reflecteix la rellev\u00e0ncia transversal de la sostenibilitat per a la nostra entitat. El nostre objectiu \u00e9s refor\u00e7ar la transpar\u00e8ncia davant els nostres grups d&#8217;inter\u00e8s i rendir comptes sobre el nostre acompliment social, ambiental i de governan\u00e7a.<\/p>\n\n\n\n<p>Sota aquestes premisses centrem l\u2019estrat\u00e8gia de sostenibilitat de Mutual M\u00e8dica des d\u2019un enfocament responsable i sostenible que ens permet avan\u00e7ar en el desenvolupament i consolidaci\u00f3 d&#8217;un sistema de gesti\u00f3 \u00e8tica dins de l&#8217;entitat, tenint en compte les expectatives de totes les parts interessades. L\u2019objectiu \u00e9s afermar el nostre posicionament estrat\u00e8gic i desenvolupar relacions justes i equitatives amb els nostres mutualistes, col\u00b7laboradors, prove\u00efdors i el col\u00b7lectiu m\u00e8dic.<\/p>\n\n\n\n<p>Al llarg de 2022 hem estat treballant en el <strong>Programa de sostenibilitat<\/strong>. Un pla que ens ha perm\u00e8s desenvolupar el <strong>Pla Director de Sostenibilitat 2023-2025<\/strong>, una iniciativa ambiciosa que t\u00e9 per objectiu adaptar l&#8217;estrat\u00e8gia de l&#8217;entitat a les necessitats i prioritats de tots els grups d&#8217;inter\u00e8s, aspirant aix\u00ed a convertir Mutual M\u00e8dica en una entitat m\u00e9s eficient, responsable i compromesa amb l\u2019entorn i la societat. Aquest pla ens ha ajudat a redefinir les nostres l\u00ednies estrat\u00e8giques i impulsar la incorporaci\u00f3 de criteris ASG en la presa de decisions per a totes les nostres \u00e0rees de negoci.<\/p>\n\n\n\n<p>En termes de govern corporatiu, a Mutual M\u00e8dica ens esforcem per mantenir els m\u00e9s alts est\u00e0ndards de transpar\u00e8ncia, \u00e8tica i compliment normatiu. En 2022 hem establert pol\u00edtiques que ens permeten disposar d&#8217;un sistema de govern robust que garanteix una gesti\u00f3 sana, prudent i \u00e8tica de l&#8217;entitat, adequada a la complexitat de les nostres operacions. A m\u00e9s de pol\u00edtiques per a assegurar la integritat a tots els nivells i vetllar per la igualtat d\u2019oportunitats en el tracte entre empleats, mutualistes i el col\u00b7lectiu m\u00e8dic.<\/p>\n\n\n\n<p>A l\u2019informe queda tamb\u00e9 reflectit el nostre comprom\u00eds amb la inversi\u00f3 sostenible incorporant criteris ambientals, \u00e8tics i morals en la presa de decisions d&#8217;inversi\u00f3, que ens ajuden a excloure sectors controvertits, pa\u00efsos i entitats poc \u00e8tiques.<\/p>\n\n\n\n<p>Us convido a consultar aquest Informe de Sostenibilitat que ofereix una visi\u00f3 global sobre la nostra gesti\u00f3 de la sostenibilitat.<\/p>\n\n\n\n<p>Aprofito aquesta oportunitat per agrair els nostres mutualistes, col\u00b7laboradors i altres grups d&#8217;inter\u00e8s la seva contribuci\u00f3 per a que a Mutual M\u00e8dica puguem continuar avan\u00e7ant en el cam\u00ed cap al desenvolupament sostenible. <\/p>\n\n\n\n<p>Cordialment,<\/p>\n\n\n\n<div class=\"wp-block-columns w60 margin_zero\">\n<div class=\"wp-block-column w80\">\n<div class=\"wp-block-image fotoRounded is-style-rounded\"><figure class=\"aligncenter size-full\"><img loading=\"lazy\" width=\"663\" height=\"663\" src=\"https:\/\/comunicasmas.com\/mutual-medica\/informe-sostenibilidad-2022\/wp-content\/uploads\/2023\/07\/Dra_M_Asuncion_Torrents_edit-1.jpg\" alt=\"\" class=\"wp-image-4499\" srcset=\"https:\/\/comunicasmas.com\/mutual-medica\/informe-sostenibilidad-2022\/wp-content\/uploads\/2023\/07\/Dra_M_Asuncion_Torrents_edit-1.jpg 663w, https:\/\/comunicasmas.com\/mutual-medica\/informe-sostenibilidad-2022\/wp-content\/uploads\/2023\/07\/Dra_M_Asuncion_Torrents_edit-1-480x480.jpg 480w\" sizes=\"(min-width: 0px) and (max-width: 480px) 480px, (min-width: 481px) 663px, 100vw\" \/><\/figure><\/div>\n\n\n\n<p class=\"has-text-align-center\"><strong>Dra. M. Asunci\u00f3n Torrents Fern\u00e1ndez<br><\/strong>Presidenta de la Comissi\u00f3 d&#8217;Estrategia, Innovaci\u00f3 i RSC<\/p>\n\n\n\n<div class=\"wp-block-image\"><figure class=\"aligncenter size-large is-resized\"><img loading=\"lazy\" src=\"https:\/\/comunicasmas.com\/mutual-medica\/informe-sostenibilidad-2022\/wp-content\/uploads\/2022\/05\/SignaturaAssumcio-1024x630.jpg\" alt=\"\" class=\"wp-image-1453\" width=\"166\" height=\"102\"\/><\/figure><\/div>\n<\/div>\n\n\n\n<div class=\"wp-block-column\">\n<p class=\"has-text-align-center\"><\/p>\n<\/div>\n\n\n\n<div class=\"wp-block-column\">\n<p class=\"has-text-align-center\"><\/p>\n<\/div>\n<\/div>\n\n\n\n<p class=\"has-text-align-right\"><\/p>\n\n\n\n<div style=\"height:50px\" aria-hidden=\"true\" class=\"wp-block-spacer\"><\/div>\n\n\n\n<h1>RESUM DEL 2022<\/h1>\n\n\n\n<p id=\"principals-xifres\"><\/p>\n\n\n\n<h2>Principals xifres (a 31 de desembre de 2022)<\/h2>\n\n\n\n<div style=\"height:50px\" aria-hidden=\"true\" class=\"wp-block-spacer\"><\/div>\n\n\n\n<iframe loading=\"lazy\" class=\"d\" src=\"https:\/\/comunicasmas.com\/mutual-medica\/informe-sostenibilidad-2022\/wp-content\/uploads\/media\/home-principales-cifras-ca\/animv1.html\" width=\"100%\" height=\"600\" marginwidth=\"0\" marginheight=\"0\" frameborder=\"0\" scrolling=\"no\" style=\"display:block; margin: 0 auto;\"><\/iframe>\n\n\n\n<iframe loading=\"lazy\" class=\"m\" src=\"https:\/\/comunicasmas.com\/mutual-medica\/informe-sostenibilidad-2022\/wp-content\/uploads\/media\/home-principales-cifras-ca\/animv1.html\" width=\"100%\" height=\"400\" marginwidth=\"0\" marginheight=\"0\" frameborder=\"0\" scrolling=\"no\" style=\"display:block; margin: 0 auto;\"><\/iframe>\n\n\n\n<p id=\"esdeveniments-destacats\"><\/p>\n\n\n\n<h2>Esdeveniments destacats &nbsp; &nbsp;<\/h2>\n\n\n\n<iframe loading=\"lazy\" class=\"d\" src=\"https:\/\/comunicasmas.com\/mutual-medica\/informe-sostenibilidad-2022\/wp-content\/uploads\/media\/home-acontecimientos-destacados-ca\/animv3.html\" width=\"100%\" height=\"466\" marginwidth=\"0\" marginheight=\"0\" frameborder=\"0\" scrolling=\"no\" style=\"display:block; margin: 0 auto;\"><\/iframe>\n\n\n\n<iframe loading=\"lazy\" class=\"m\" src=\"https:\/\/comunicasmas.com\/mutual-medica\/informe-sostenibilidad-2022\/wp-content\/uploads\/media\/home-acontecimientos-destacados-m-ca\/animv3.html\" width=\"100%\" height=\"800\" marginwidth=\"0\" marginheight=\"0\" frameborder=\"0\" scrolling=\"no\" style=\"display:block; margin: 0 auto;\"><\/iframe>\n","protected":false},"excerpt":{"rendered":"<p>Mutual M\u00e8dica aposta per una gesti\u00f3 m\u00e9s eficient i sostenible Benvolguts mutualistes: Em complau presentar-vos el primer Informe de sostenibilitat de Mutual M\u00e8dica en el qual es reflecteix la rellev\u00e0ncia transversal de la sostenibilitat per a la nostra entitat. El nostre objectiu \u00e9s refor\u00e7ar la transpar\u00e8ncia davant els nostres grups d&#8217;inter\u00e8s i rendir comptes sobre [&hellip;]<\/p>\n","protected":false},"author":1,"featured_media":4546,"parent":0,"menu_order":0,"comment_status":"closed","ping_status":"closed","template":"","meta":{"_et_pb_use_builder":"","_et_pb_old_content":"","_et_gb_content_width":""},"_links":{"self":[{"href":"https:\/\/comunicasmas.com\/mutual-medica\/informe-sostenibilidad-2022\/wp-json\/wp\/v2\/pages\/5354"}],"collection":[{"href":"https:\/\/comunicasmas.com\/mutual-medica\/informe-sostenibilidad-2022\/wp-json\/wp\/v2\/pages"}],"about":[{"href":"https:\/\/comunicasmas.com\/mutual-medica\/informe-sostenibilidad-2022\/wp-json\/wp\/v2\/types\/page"}],"author":[{"embeddable":true,"href":"https:\/\/comunicasmas.com\/mutual-medica\/informe-sostenibilidad-2022\/wp-json\/wp\/v2\/users\/1"}],"replies":[{"embeddable":true,"href":"https:\/\/comunicasmas.com\/mutual-medica\/informe-sostenibilidad-2022\/wp-json\/wp\/v2\/comments?post=5354"}],"version-history":[{"count":7,"href":"https:\/\/comunicasmas.com\/mutual-medica\/informe-sostenibilidad-2022\/wp-json\/wp\/v2\/pages\/5354\/revisions"}],"predecessor-version":[{"id":5483,"href":"https:\/\/comunicasmas.com\/mutual-medica\/informe-sostenibilidad-2022\/wp-json\/wp\/v2\/pages\/5354\/revisions\/5483"}],"wp:featuredmedia":[{"embeddable":true,"href":"https:\/\/comunicasmas.com\/mutual-medica\/informe-sostenibilidad-2022\/wp-json\/wp\/v2\/media\/4546"}],"wp:attachment":[{"href":"https:\/\/comunicasmas.com\/mutual-medica\/informe-sostenibilidad-2022\/wp-json\/wp\/v2\/media?parent=5354"}],"curies":[{"name":"wp","href":"https:\/\/api.w.org\/{rel}","templated":true}]}}