{"id":5348,"date":"2023-09-13T14:47:03","date_gmt":"2023-09-13T14:47:03","guid":{"rendered":"https:\/\/comunicasmas.com\/mutual-medica\/informe-sostenibilidad-2022\/?page_id=5348"},"modified":"2023-09-26T10:58:37","modified_gmt":"2023-09-26T10:58:37","slug":"compromisamb-la-sostenibilitat","status":"publish","type":"page","link":"https:\/\/comunicasmas.com\/mutual-medica\/informe-sostenibilidad-2022\/ca\/compromisamb-la-sostenibilitat\/","title":{"rendered":"COMPROM\u00cdS<br\/>AMB LA SOSTENIBILITAT"},"content":{"rendered":"\n<p id=\"la-nostra-estrategia-de-sostenibilitat\"><\/p>\n\n\n\n<h2>La nostra estrat\u00e8gia de sostenibilitat<\/h2>\n\n\n\n<p>En els \u00faltims anys, les expectatives de la societat cap a les empreses han sofert un profund canvi, de ser considerades \u00fanicament com a agents en l&#8217;\u00e0mbit econ\u00f2mic a actors clau per a impulsar un desenvolupament sostenible. Aquest canvi ha transcendit del pla merament econ\u00f2mic, i s&#8217;ha manifestat en el pla social, ambiental i de bon govern, afectant entitats amb models d&#8217;economia social, com la nostra.<\/p>\n\n\n\n<p>A Mutual M\u00e8dica aquest paradigma ja formava part de la nostra ra\u00f3 de ser com a entitat d&#8217;economia social i ens ha guiat durant 100 anys de vida.<\/p>\n\n\n\n<p>En 2021, aconseguim assolir dos objectius: 1) revisar la pol\u00edtica d&#8217;inversions, aconseguint que el 70% de la cartera de l&#8217;entitat fossin empreses que tinguessin en compte les variables de sostenibilitat, sempre dins del perfil prudent d&#8217;inversi\u00f3 que ens caracteritza per a complir amb els compromisos d&#8217;estalvi a llarg termini i garantir la solv\u00e8ncia de l&#8217;entitat, 2) comen\u00e7ar amb la implicaci\u00f3 progressiva dels nostres mutualistes en la presa de decisions; per exemple i de manera rellevant, en la reinversi\u00f3 de beneficis de la instituci\u00f3.<\/p>\n\n\n\n<p>Al llarg del 2022, a Mutual M\u00e8dica hem decidit avan\u00e7ar en l&#8217;objectiu de desenvolupar i consolidar un Sistema de gesti\u00f3 \u00e8tica i sostenible dins de la gesti\u00f3 global de l&#8217;entitat, establint un marc que permeti continuar avan\u00e7ant en aquests \u00e0mbits tenint en compte la missi\u00f3 i valors organitzatius, aix\u00ed com les expectatives dels grups d&#8217;inter\u00e8s i afermant el posicionament estrat\u00e8gic de Mutual M\u00e8dica en els principis b\u00e0sics que conformen aquest sistema. Durant l&#8217;any 2022 s&#8217;ha treballat per a adaptar aquesta estrat\u00e8gia a les necessitats o prioritats dels nostres grups d&#8217;inter\u00e8s mitjan\u00e7ant el <strong>Programa de sostenibilitat<\/strong>. Es tracta d&#8217;un projecte transversal que actualitza els compromisos de l&#8217;entitat considerant els tres pilars de la sostenibilitat: Ambiental, Social i Governan\u00e7a (ASG), i refor\u00e7a l&#8217;aposta hist\u00f2rica de Mutual M\u00e8dica per la creaci\u00f3 de valor, la millora cont\u00ednua i la generaci\u00f3 d&#8217;impacte positiu. La fi \u00faltima d&#8217;aquest programa ha estat l&#8217;elaboraci\u00f3 d&#8217;un Pla director de Sostenibilitat a tres anys.<\/p>\n\n\n\n<p>El programa s\u2019ha dissenyat en tres fases:<\/p>\n\n\n\n<ul><li>Primer, l&#8217;an\u00e0lisi de la gesti\u00f3 \u00e8tica i de governan\u00e7a de l&#8217;entitat. En altres paraules, com guanyem els diners i com ens gestionem.<\/li><li>Segon, la realitzaci\u00f3 del que es coneix com l&#8217;an\u00e0lisi de materialitat, dirigit a determinar quins s\u00f3n els temes m\u00e9s rellevants per a tots els grups d&#8217;inter\u00e8s (interns i externs), amb l&#8217;objectiu d&#8217;adequar l&#8217;actuaci\u00f3 a aquestes prioritats.<\/li><li>I tercer, l&#8217;estudi i desenvolupament de noves eines i metodologies per a garantir la m\u00e0xima implicaci\u00f3 dels mutualistes en el govern de l&#8217;entitat.<\/li><\/ul>\n\n\n\n<p>La implementaci\u00f3 del marc de gesti\u00f3 del comportament responsable i sostenible de l&#8217;entitat es recull aix\u00ed en el <strong>Pla director de Sostenibilitat 2023-2025<\/strong>, el qual t\u00e9 com a objectius:<\/p>\n\n\n\n<ul><li>Contribuir a minimitzar els riscos.<\/li><li>Gestionar de manera transversal les iniciatives estrat\u00e8giques relacionades amb la gesti\u00f3 responsable i sostenible, la qual cosa implica la prioritzaci\u00f3 d&#8217;aquells assumptes que, en mat\u00e8ria \u00e8tica, econ\u00f2mica, ambiental i social, s&#8217;han identificat com a rellevants i que poden influir de manera substancial sobre les decisions dels nostres grups d&#8217;inter\u00e8s.<\/li><li>Generar oportunitats al llarg de tota la cadena de valor de Mutual M\u00e8dica.<\/li><\/ul>\n\n\n\n<p>Mitjan\u00e7ant l&#8217;elaboraci\u00f3 del Pla Director, a Mutual M\u00e8dica hem redefinit les l\u00ednies estrat\u00e8giques i hem establert nous objectius que es materialitzaran al llarg de 2023. El Pla Director gira entorn de set l\u00ednies estrat\u00e8giques que aglutinen els assumptes m\u00e9s rellevants en mat\u00e8ria de gesti\u00f3 \u00e8tica i sostenible per a l&#8217;entitat. Aquestes s\u00f3n:<\/p>\n\n\n\n<figure class=\"wp-block-video w80\"><video autoplay muted src=\"https:\/\/comunicasmas.com\/mutual-medica\/informe-sostenibilidad-2022\/wp-content\/uploads\/2023\/09\/animv4.mp4\" playsinline><\/video><\/figure>\n\n\n\n<p><\/p>\n\n\n\n<p>Entorn d&#8217;aquestes l\u00ednies estrat\u00e8giques hem establert <strong>19 objectius i 44 l\u00ednies d&#8217;acci\u00f3<\/strong> la consecuci\u00f3 dels quals contribuir\u00e0 a aconseguir els esmentats objectius. La selecci\u00f3 d&#8217;aquestes l\u00ednies priorit\u00e0ries es va realitzar sobre la base dels resultats de l&#8217;an\u00e0lisi de materialitat dut a terme en el marc de l&#8217;elaboraci\u00f3 del Pla Director (per a m\u00e9s informaci\u00f3, consultar apartat 2.3).<\/p>\n\n\n\n<p id=\"els-nostres-grups-d-interes\"><\/p>\n\n\n\n<h2>Els nostres grups d\u2019inter\u00e8s<\/h2>\n\n\n\n<p>A Mutual M\u00e8dica estem compromesos a enfortir la relaci\u00f3 amb els nostres grups d&#8217;inter\u00e8s. Per aix\u00f2, promovem la comunicaci\u00f3 activa i transparent i disposem de diferents canals i eines de comunicaci\u00f3 que ens permeten interactuar amb els nostres grups d&#8217;inter\u00e8s interns i externs.<\/p>\n\n\n\n<iframe loading=\"lazy\" id=\"iframe1\" class=\"cuadrado\" src=\"https:\/\/comunicasmas.com\/mutual-medica\/informe-sostenibilidad-2022\/wp-content\/uploads\/media\/2_grupos_de_interes-ca\/animv1.html\" width=\"100%\" height=\"500\" marginwidth=\"0\" marginheight=\"0\" frameborder=\"0\" scrolling=\"no\"><\/iframe>\n\n\n\n<script>\nconst miObj = document.querySelector('.cuadrado');\n\/\/ Creamos un objeto IntersectionObserver\nconst observerCuadrado = new IntersectionObserver((entries) => {\n      entries.forEach((entry) => {\n          if (entry.isIntersecting) {\n             document.getElementById('iframe1').contentWindow.location.reload();\n}});});\nobserverCuadrado.observe(miObj);\n<\/script>\n\n\n\n<p id=\"analisi-de-materialitat\"><\/p>\n\n\n\n<h2>An\u00e0lisi de materialitat<\/h2>\n\n\n\n<p>En 2022, hem elaborat la nostra primera an\u00e0lisi de materialitat, amb la finalitat de:&nbsp;<\/p>\n\n\n\n<ul><li>Identificar els temes m\u00e9s rellevants per a l&#8217;empresa i prioritzar-los.<\/li><li>Con\u00e8ixer els assumptes que m\u00e9s preocupen els grups d&#8217;inter\u00e8s.<\/li><li>Con\u00e8ixer com impacten aquests assumptes en el model de negoci.<\/li><li>Alinear l&#8217;estrat\u00e8gia de sostenibilitat amb les expectatives dels grups d&#8217;inter\u00e8s.<\/li><\/ul>\n\n\n\n<p>Per a dur a terme l&#8217;an\u00e0lisi de materialitat hem seguit el seg\u00fcent proc\u00e9s:<\/p>\n\n\n\n<ol type=\"1\"><li>Definici\u00f3 dels grups d&#8217;inter\u00e8s rellevants per a l&#8217;an\u00e0lisi de materialitat: el consell d&#8217;administraci\u00f3, treballadors i mutualistes.<\/li><li>An\u00e0lisi de temes i bones pr\u00e0ctiques a nivell sectorial per a permetre analitzar i comparar els temes materials d&#8217;altres empreses del sector.<\/li><li>Consulta amb els grups d&#8217;inter\u00e8s a trav\u00e9s de processos de recerca qualitativa (entrevistes grupals semiestructurades en profunditat) i quantitatives (enquestes) i an\u00e0lisis dels resultats d&#8217;aquests processos. El proc\u00e9s participatiu i consultiu va comptar amb la participaci\u00f3 de l&#8217;equip directiu de Mutual M\u00e8dica, una selecci\u00f3 representativa de les persones treballadores, i una important mostra de metges mutualistes en qualitat de propietaris de l&#8217;entitat.<\/li><li>Prioritzaci\u00f3 dels assumptes identificats en ordre d&#8217;import\u00e0ncia sobre la base dels resultats d&#8217;aquesta an\u00e0lisi per a alinear l&#8217;estrat\u00e8gia de l&#8217;entitat amb la sostenibilitat.<\/li><\/ol>\n\n\n\n<p>A continuaci\u00f3, es mostren els resultats obtinguts:<\/p>\n\n\n\n<figure class=\"wp-block-video aligncenter w80\"><video autoplay muted src=\"https:\/\/comunicasmas.com\/mutual-medica\/informe-sostenibilidad-2022\/wp-content\/uploads\/2023\/09\/animv1-1.mp4\" playsinline><\/video><\/figure>\n\n\n\n<p><\/p>\n\n\n\n<p>Sobre la base d&#8217;aquesta an\u00e0lisi, hem categoritzat les l\u00ednies estrat\u00e8giques en tres nivells de prioritat:<\/p>\n\n\n\n<figure class=\"wp-block-video w70\"><video autoplay muted src=\"https:\/\/comunicasmas.com\/mutual-medica\/informe-sostenibilidad-2022\/wp-content\/uploads\/2023\/09\/animv1-2.mp4\" playsinline><\/video><\/figure>\n\n\n\n<div style=\"height:50px\" aria-hidden=\"true\" class=\"wp-block-spacer\"><\/div>\n\n\n\n<p id=\"contribucio-als-objectius-de-desenvolupament-sostenible\"><\/p>\n\n\n\n<h2>Contribuci\u00f3 als Objectius de Desenvolupament Sostenible<\/h2>\n\n\n\n<p>Ens trobem en la d\u00e8cada d&#8217;acci\u00f3 de l&#8217;Agenda 2030 de Nacions Unides, un context d&#8217;urg\u00e8ncia en el qual tenim l&#8217;oportunitat \u00fanica de contribuir per a fer front als reptes socials i mediambientals i portar al m\u00e0xim possible el compliment dels 17 Objectius per al Desenvolupament Sostenible.<\/p>\n\n\n\n<p>Per aix\u00f2, durant el 2022, a Mutual M\u00e8dica hem continuat contribuint de manera activa en la consecuci\u00f3 dels Objectius de Desenvolupament Sostenible (ODS), aprovats per les Nacions Unides. <\/p>\n\n\n\n<p>Per l&#8217;activitat i \u00e0mbit d&#8217;actuaci\u00f3 de la mutualitat ens enfoquem en els seg\u00fcents sis ODS.<\/p>\n\n\n\n<p><\/p>\n\n\n\n<div style=\"height:50px\" aria-hidden=\"true\" class=\"wp-block-spacer\"><\/div>\n\n\n\n<figure class=\"wp-block-image size-large\"><img loading=\"lazy\" width=\"1024\" height=\"181\" src=\"https:\/\/comunicasmas.com\/mutual-medica\/informe-sostenibilidad-2022\/wp-content\/uploads\/2023\/09\/ODS-ca-1024x181.png\" alt=\"\" class=\"wp-image-5432\" srcset=\"https:\/\/comunicasmas.com\/mutual-medica\/informe-sostenibilidad-2022\/wp-content\/uploads\/2023\/09\/ODS-ca-980x173.png 980w, https:\/\/comunicasmas.com\/mutual-medica\/informe-sostenibilidad-2022\/wp-content\/uploads\/2023\/09\/ODS-ca-480x85.png 480w\" sizes=\"(min-width: 0px) and (max-width: 480px) 480px, (min-width: 481px) and (max-width: 980px) 980px, (min-width: 981px) 1024px, 100vw\" \/><\/figure>\n","protected":false},"excerpt":{"rendered":"<p>La nostra estrat\u00e8gia de sostenibilitat En els \u00faltims anys, les expectatives de la societat cap a les empreses han sofert un profund canvi, de ser considerades \u00fanicament com a agents en l&#8217;\u00e0mbit econ\u00f2mic a actors clau per a impulsar un desenvolupament sostenible. Aquest canvi ha transcendit del pla merament econ\u00f2mic, i s&#8217;ha manifestat en el [&hellip;]<\/p>\n","protected":false},"author":1,"featured_media":4559,"parent":0,"menu_order":0,"comment_status":"closed","ping_status":"closed","template":"","meta":{"_et_pb_use_builder":"","_et_pb_old_content":"","_et_gb_content_width":""},"_links":{"self":[{"href":"https:\/\/comunicasmas.com\/mutual-medica\/informe-sostenibilidad-2022\/wp-json\/wp\/v2\/pages\/5348"}],"collection":[{"href":"https:\/\/comunicasmas.com\/mutual-medica\/informe-sostenibilidad-2022\/wp-json\/wp\/v2\/pages"}],"about":[{"href":"https:\/\/comunicasmas.com\/mutual-medica\/informe-sostenibilidad-2022\/wp-json\/wp\/v2\/types\/page"}],"author":[{"embeddable":true,"href":"https:\/\/comunicasmas.com\/mutual-medica\/informe-sostenibilidad-2022\/wp-json\/wp\/v2\/users\/1"}],"replies":[{"embeddable":true,"href":"https:\/\/comunicasmas.com\/mutual-medica\/informe-sostenibilidad-2022\/wp-json\/wp\/v2\/comments?post=5348"}],"version-history":[{"count":7,"href":"https:\/\/comunicasmas.com\/mutual-medica\/informe-sostenibilidad-2022\/wp-json\/wp\/v2\/pages\/5348\/revisions"}],"predecessor-version":[{"id":5551,"href":"https:\/\/comunicasmas.com\/mutual-medica\/informe-sostenibilidad-2022\/wp-json\/wp\/v2\/pages\/5348\/revisions\/5551"}],"wp:featuredmedia":[{"embeddable":true,"href":"https:\/\/comunicasmas.com\/mutual-medica\/informe-sostenibilidad-2022\/wp-json\/wp\/v2\/media\/4559"}],"wp:attachment":[{"href":"https:\/\/comunicasmas.com\/mutual-medica\/informe-sostenibilidad-2022\/wp-json\/wp\/v2\/media?parent=5348"}],"curies":[{"name":"wp","href":"https:\/\/api.w.org\/{rel}","templated":true}]}}