{"id":5346,"date":"2023-09-13T14:46:43","date_gmt":"2023-09-13T14:46:43","guid":{"rendered":"https:\/\/comunicasmas.com\/mutual-medica\/informe-sostenibilidad-2022\/?page_id=5346"},"modified":"2023-10-10T15:31:53","modified_gmt":"2023-10-10T15:31:53","slug":"compromisamb-el-medi-ambient","status":"publish","type":"page","link":"https:\/\/comunicasmas.com\/mutual-medica\/informe-sostenibilidad-2022\/ca\/compromisamb-el-medi-ambient\/","title":{"rendered":"COMPROM\u00cdS<br\/>AMB EL MEDI AMBIENT"},"content":{"rendered":"\n<h2>M\u00ednim impacte en el medi ambient<\/h2>\n\n\n\n<p>A Mutual M\u00e8dica treballem dia a dia per a aconseguir que les nostres activitats tinguin el m\u00ednim impacte possible en el medi ambient. En aquest sentit, intentem alinear els objectius i processos operatius per a contribuir a la consecuci\u00f3 dels objectius clim\u00e0tics que planteja l&#8217;Acord de Par\u00eds, tot aix\u00f2 amb la finalitat d&#8217;impulsar la lluita contra el canvi clim\u00e0tic.<\/p>\n\n\n\n<p>Les principals accions dutes a terme per a la mitigaci\u00f3 del canvi clim\u00e0tic s&#8217;enfoquen en:<\/p>\n\n\n\n<ul><li>Reduir el consum de recursos (paper, aigua i energia) en el desenvolupament de l&#8217;activitat.<\/li><li>Calcular i reduir les emissions de gasos d&#8217;efecte d&#8217;hivernacle generades per les operacions.<\/li><li>Deesenvolupar productes i solucions innovadores enfront del canvi clim\u00e0tic.<\/li><\/ul>\n\n\n\n<p id=\"consum-de-recursos\"><\/p>\n\n\n\n<h2>Consum de recursos<\/h2>\n\n\n\n<figure class=\"wp-block-video\"><video autoplay muted src=\"https:\/\/comunicasmas.com\/mutual-medica\/informe-sostenibilidad-2022\/wp-content\/uploads\/2023\/10\/index_1.mp4\" playsinline><\/video><\/figure>\n\n\n\n<p><em>(*) <em>Inclou el consum de la seu social de Barcelona. El consum s&#8217;ha estimat en funci\u00f3 de les cartes enviades (incloent els sobres i el paper A4) al llarg del 2022<\/em>.<\/em><\/p>\n\n\n\n<p><em>(**) I<em>nclou el consum de la seu social de Barcelona i de les oficines de Madrid, que en conjunt representen un 85% de la superf\u00edcie total dels centres de treball de l&#8217;entitat i acumulen el 74% de la plantilla total de l&#8217;entitat. El consum s&#8217;ha estimat a partir de l&#8217;import total facturat en 2022, aplicant el cost mitj\u00e0 de l&#8217;electricitat corresponent a l&#8217;any 2022.<\/em> Font: <strong><a rel=\"noreferrer noopener\" href=\"https:\/\/www.sistemaelectrico-ree.es\/sites\/default\/files\/2023-03\/ISE_2022.pdf\" target=\"_blank\">Informe del Sistema El\u00e8ctric 2022 de Red El\u00e9ctrica de Espa\u00f1a<\/a><\/strong>.<\/em><\/p>\n\n\n\n<p><em>(***) I<em>nclou el consum de la flota total de vehicles. El consum s&#8217;ha estimat a partir de l&#8217;import total facturat en 2022, aplicant el cost mitj\u00e0 per a cadascuna de les fonts d&#8217;energia corresponent al 2022.<\/em> Font:<strong> <a rel=\"noreferrer noopener\" href=\"https:\/\/energia.gob.es\/petroleo\/Informes\/InformesAnuales\/InformesAnuales\/Precios%20Carburantes.%20Comparaci%C3%B3n%202021-2022.pdf\" target=\"_blank\">Informe dels Preus de Carburants i Combustibles. Comparaci\u00f3 2021-2022 del Ministeri per a la Transici\u00f3 Ecol\u00f2gica i el Repte Demogr\u00e0fic (MITECO)<\/a><\/strong><\/em>.<\/p>\n\n\n\n<p><em>(****) <em>Inclou el consum de la seu social de Barcelona, que representa el 77% de la superf\u00edcie total dels centres de treball propis de l&#8217;entitat i acumula el 65% de la plantilla total de l&#8217;entitat. El consum s&#8217;ha estimat a partir de l&#8217;import total facturat en 2022, aplicant el cost mitj\u00e0 de l&#8217;aigua corresponent a l&#8217;any 2022.<\/em> Font: <a rel=\"noreferrer noopener\" href=\"https:\/\/aca.gencat.cat\/web\/.content\/10_ACA\/J_Publicacions\/05-estudis-preus-i-tarifes\/20_Estudi_preu_aigua_2022_es.pdf\" target=\"_blank\"><strong>Estudi del preu de l&#8217;aigua a Catalunya 2022 de l&#8217;Ag\u00e8ncia Catalana de l&#8217;Aigua<\/strong><\/a><\/em>.<\/p>\n\n\n\n<p>Convertir-se en una oficina sense paper \u00e9s un objectiu cobejat en la majoria de les organitzacions. A Mutual M\u00e8dica hem realitzat una aposta ferma per avan\u00e7ar en la digitalitzaci\u00f3 dels processos i reduir al m\u00e0xim el consum de paper.<\/p>\n\n\n\n<p>Des de 2021 hem intensificat els nostres esfor\u00e7os, implantant les seg\u00fcents mesures: redu\u00efm l&#8217;\u00fas del correu postal per a les comunicacions amb els mutualistes, que ara canalitzem a trav\u00e9s de l\u2019<em>emailing<\/em>; habilitem l&#8217;assessoria virtual, habilitem nous canals de comunicaci\u00f3 en l\u00ednia amb la plantilla i els mutualistes, llan\u00e7ant el Portal de Contractaci\u00f3 i el Portal de Prestacions, respectivament; habilitem per a tota la plantilla l&#8217;eina <em>Confluence<\/em>, que funciona com a repositori com\u00fa per a compartir tota la documentaci\u00f3 interna de manera digital; llancem el portal de l&#8217;empleat \u201cMi Mutual\u201d. En 2022, hem fet un pas m\u00e9s en el proc\u00e9s de transformaci\u00f3 digital i hem integrat la signatura digital tant a nivell intern com per al mutualista, hem obert l&#8217;acc\u00e9s telem\u00e0tic a les assemblees i hem llan\u00e7at l&#8217;\u00c0rea Mutualista.<\/p>\n\n\n\n<p id=\"lluita-contra-el-canvi-climatic\"><\/p>\n\n\n\n<h2>Lluita contra el canvi clim\u00e0tic<\/h2>\n\n\n\n<p>Per primera vegada, a Mutual M\u00e8dica hem calculat la petjada de carboni de les nostres activitats per al 2022, amb l&#8217;objectiu de quantificar l&#8217;impacte sobre el canvi clim\u00e0tic en termes d&#8217;emissions de gasos d&#8217;efecte d&#8217;hivernacle (GEI):<\/p>\n\n\n\n<figure class=\"wp-block-image size-large\"><img loading=\"lazy\" width=\"1024\" height=\"456\" src=\"https:\/\/comunicasmas.com\/mutual-medica\/informe-sostenibilidad-2022\/wp-content\/uploads\/2023\/09\/CAPITULO_7_CAT-1024x456.jpg\" alt=\"\" class=\"wp-image-5477\" srcset=\"https:\/\/comunicasmas.com\/mutual-medica\/informe-sostenibilidad-2022\/wp-content\/uploads\/2023\/09\/CAPITULO_7_CAT-980x436.jpg 980w, https:\/\/comunicasmas.com\/mutual-medica\/informe-sostenibilidad-2022\/wp-content\/uploads\/2023\/09\/CAPITULO_7_CAT-480x214.jpg 480w\" sizes=\"(min-width: 0px) and (max-width: 480px) 480px, (min-width: 481px) and (max-width: 980px) 980px, (min-width: 981px) 1024px, 100vw\" \/><\/figure>\n\n\n\n<p>Amb la finalitat de reduir la petjada de carboni, a Mutual M\u00e8dica ens comprometem a promoure h\u00e0bits de conducci\u00f3 eficient entre els conductors, apostant per la <strong>utilitzaci\u00f3 de cotxes h\u00edbrids<\/strong> per als assessors comercials i altres col\u00b7laboradors, a m\u00e9s d&#8217;oferir cursos de conducci\u00f3. Quant a la flota de vehicles de r\u00e8nting que utilitzen els assessors comercials, en 2022 hem incrementat el percentatge de cotxes h\u00edbrids fins al 72%.<\/p>\n\n\n\n<p><\/p>\n\n\n\n<div class=\"wp-block-columns\">\n<div class=\"wp-block-column\" style=\"flex-basis:50%\">\n<p>A mes d\u2019aquesta iniciativa, des del 2021, col\u00b7laborem amb&nbsp;<a rel=\"noreferrer noopener\" href=\"https:\/\/bosquia.es\/\" target=\"_blank\"><strong>Bosquia<\/strong><\/a><strong>, <\/strong>entitat que t\u00e9 com a objectiu principal la protecci\u00f3 i cura de la naturalesa, per a combatre la desforestaci\u00f3 a la comarca de La Selva (Girona), mitjan\u00e7ant la plantaci\u00f3 d&#8217;un total de 300 arbres aut\u00f2ctons en un terreny que es trobava danyat per un incendi, i l&#8217;apadrinament de la parcel\u00b7la on s&#8217;ha realitzat aquesta plantaci\u00f3.&nbsp;<\/p>\n\n\n\n<p>Amb la nostra col\u00b7laboraci\u00f3, es calcula que el bosc de Mutual M\u00e8dica absorbir\u00e0 aproximadament 50 tones de CO<sub>2<\/sub> emeses a l&#8217;atmosfera en 30 anys, que contribuiran a reduir les emissions de GEI que s&#8217;emeten a l\u2019atmosfera. A trav\u00e9s de la certificaci\u00f3 acreditativa corporativa que ens atorga Bosquia acreditem les tones de de CO<sub>2<\/sub> absorbides.<\/p>\n<\/div>\n\n\n\n<div class=\"wp-block-column\" style=\"flex-basis:50%\">\n<div class=\"wp-block-image\"><figure class=\"aligncenter size-large is-resized\"><img loading=\"lazy\" src=\"https:\/\/comunicasmas.com\/mutual-medica\/informe-sostenibilidad-2022\/wp-content\/uploads\/2023\/07\/IMG_20220129_095742-1024x576.jpg\" alt=\"\" class=\"wp-image-4375\" width=\"545\" height=\"306\"\/><\/figure><\/div>\n<\/div>\n<\/div>\n\n\n\n<div class=\"wp-block-columns\">\n<div class=\"wp-block-column\" style=\"flex-basis:50%\"><\/div>\n\n\n\n<div class=\"wp-block-column\" style=\"flex-basis:50%\"><\/div>\n<\/div>\n","protected":false},"excerpt":{"rendered":"<p>M\u00ednim impacte en el medi ambient A Mutual M\u00e8dica treballem dia a dia per a aconseguir que les nostres activitats tinguin el m\u00ednim impacte possible en el medi ambient. En aquest sentit, intentem alinear els objectius i processos operatius per a contribuir a la consecuci\u00f3 dels objectius clim\u00e0tics que planteja l&#8217;Acord de Par\u00eds, tot aix\u00f2 [&hellip;]<\/p>\n","protected":false},"author":1,"featured_media":4558,"parent":0,"menu_order":0,"comment_status":"closed","ping_status":"closed","template":"","meta":{"_et_pb_use_builder":"","_et_pb_old_content":"","_et_gb_content_width":""},"_links":{"self":[{"href":"https:\/\/comunicasmas.com\/mutual-medica\/informe-sostenibilidad-2022\/wp-json\/wp\/v2\/pages\/5346"}],"collection":[{"href":"https:\/\/comunicasmas.com\/mutual-medica\/informe-sostenibilidad-2022\/wp-json\/wp\/v2\/pages"}],"about":[{"href":"https:\/\/comunicasmas.com\/mutual-medica\/informe-sostenibilidad-2022\/wp-json\/wp\/v2\/types\/page"}],"author":[{"embeddable":true,"href":"https:\/\/comunicasmas.com\/mutual-medica\/informe-sostenibilidad-2022\/wp-json\/wp\/v2\/users\/1"}],"replies":[{"embeddable":true,"href":"https:\/\/comunicasmas.com\/mutual-medica\/informe-sostenibilidad-2022\/wp-json\/wp\/v2\/comments?post=5346"}],"version-history":[{"count":8,"href":"https:\/\/comunicasmas.com\/mutual-medica\/informe-sostenibilidad-2022\/wp-json\/wp\/v2\/pages\/5346\/revisions"}],"predecessor-version":[{"id":5596,"href":"https:\/\/comunicasmas.com\/mutual-medica\/informe-sostenibilidad-2022\/wp-json\/wp\/v2\/pages\/5346\/revisions\/5596"}],"wp:featuredmedia":[{"embeddable":true,"href":"https:\/\/comunicasmas.com\/mutual-medica\/informe-sostenibilidad-2022\/wp-json\/wp\/v2\/media\/4558"}],"wp:attachment":[{"href":"https:\/\/comunicasmas.com\/mutual-medica\/informe-sostenibilidad-2022\/wp-json\/wp\/v2\/media?parent=5346"}],"curies":[{"name":"wp","href":"https:\/\/api.w.org\/{rel}","templated":true}]}}