{"id":5340,"date":"2023-09-13T14:45:42","date_gmt":"2023-09-13T14:45:42","guid":{"rendered":"https:\/\/comunicasmas.com\/mutual-medica\/informe-sostenibilidad-2022\/?page_id=5340"},"modified":"2023-09-26T13:06:52","modified_gmt":"2023-09-26T13:06:52","slug":"compromis-amb-el-collectiumedic-i-la-societat","status":"publish","type":"page","link":"https:\/\/comunicasmas.com\/mutual-medica\/informe-sostenibilidad-2022\/ca\/compromis-amb-el-collectiumedic-i-la-societat\/","title":{"rendered":"COMPROM\u00cdS AMB EL COL\u00b7LECTIU<br\/>M\u00c8DIC I LA SOCIETAT"},"content":{"rendered":"\n<p id=\"reinversio-en-el-collectiu-medic\"><\/p>\n\n\n\n<h2>Reinversi\u00f3 en el col\u00b7lectiu m\u00e8dic a trav\u00e9s dels programes de la Fundaci\u00f3 Mutual M\u00e8dica<\/h2>\n\n\n\n<div class=\"wp-block-columns\">\n<div class=\"wp-block-column\" style=\"flex-basis:50%\">\n<p>Si \u00e9s important per al metge, \u00e9s un comprom\u00eds per a nosaltres. Sota aquesta premissa la Fundaci\u00f3 Mutual M\u00e8dica reinverteix en el benestar del metge, complint aix\u00ed el precepte de \u201cel nostre benefici, \u00e9s teu\u201d.<\/p>\n\n\n\n<p>A la Fundaci\u00f3 Mutual M\u00e8dica centrem la nostra missi\u00f3 en la cerca permanent del benestar del metge, tant en l&#8217;\u00e0mbit personal com en el seu creixement professional, fonamentant-la en els pilars de la formaci\u00f3 i la salut.<\/p>\n\n\n\n<p><\/p>\n<\/div>\n\n\n\n<div class=\"wp-block-column\" style=\"flex-basis:50%\">\n<div class=\"wp-block-image\"><figure class=\"aligncenter size-full is-resized\"><img loading=\"lazy\" src=\"https:\/\/comunicasmas.com\/mutual-medica\/informe-sostenibilidad-2022\/wp-content\/uploads\/2023\/09\/CAT_Fundacio\u0301n-Color-2.png\" alt=\"\" class=\"wp-image-5565\" width=\"249\" height=\"140\" srcset=\"https:\/\/comunicasmas.com\/mutual-medica\/informe-sostenibilidad-2022\/wp-content\/uploads\/2023\/09\/CAT_Fundacio\u0301n-Color-2.png 500w, https:\/\/comunicasmas.com\/mutual-medica\/informe-sostenibilidad-2022\/wp-content\/uploads\/2023\/09\/CAT_Fundacio\u0301n-Color-2-300x169.png 300w, https:\/\/comunicasmas.com\/mutual-medica\/informe-sostenibilidad-2022\/wp-content\/uploads\/2023\/09\/CAT_Fundacio\u0301n-Color-2-480x271.png 480w\" sizes=\"(max-width: 249px) 100vw, 249px\" \/><\/figure><\/div>\n<\/div>\n<\/div>\n\n\n\n<p>Aquesta missi\u00f3 es basa en els valors d&#8217;<strong>especialitzaci\u00f3, innovaci\u00f3 i salut<\/strong>, tan propis del col\u00b7lectiu m\u00e8dic, i actua amb la visi\u00f3 de ser l&#8217;entitat de refer\u00e8ncia per a canalitzar el benestar del metge, m\u00e9s enll\u00e0 de les administracions p\u00fabliques. Busquem, d&#8217;aquesta manera, donar resposta als nous reptes als quals s&#8217;enfronten els professionals en mat\u00e8ria de recerca, una formaci\u00f3 d&#8217;excel\u00b7l\u00e8ncia, educaci\u00f3 i preservaci\u00f3 de la seva salut.<\/p>\n\n\n\n<p>Al llarg de 2022, la Fundaci\u00f3 ha creat nous projectes entorn a tres programes que influeixen en la qualitat de vida del metge: Impulsar(Me), Cuidar(Me) i Conscienciar(Me).<\/p>\n\n\n\n<div style=\"height:50px\" aria-hidden=\"true\" class=\"wp-block-spacer\"><\/div>\n\n\n\n<figure class=\"wp-block-image size-full is-resized\"><img loading=\"lazy\" src=\"https:\/\/comunicasmas.com\/mutual-medica\/informe-sostenibilidad-2022\/wp-content\/uploads\/2023\/07\/impulsarme.png\" alt=\"\" class=\"wp-image-4206\" width=\"159\" height=\"34\"\/><\/figure>\n\n\n\n<div class=\"wp-block-columns\">\n<div class=\"wp-block-column\" style=\"flex-basis:50%\">\n<p>El programa destinat per a impulsar els metges en la seva formaci\u00f3 i en la recerca en totes les etapes de la seva vida professional. Amb especial atenci\u00f3 a promoure i impulsar el desenvolupament tant del professional m\u00e8dic com de la professi\u00f3.<\/p>\n\n\n\n<p>El programa desplega tot el seu sentit en l&#8217;etapa de formaci\u00f3 de nous metges, i en especial en la transici\u00f3 cap a la vida laboral, amb iniciatives i suports a la formaci\u00f3, premiant les seves aptituds en recerca i oferint orientaci\u00f3 post-acad\u00e8mica als joves estudiants.<\/p>\n\n\n\n<p>Participem activament organitzant les Jornades d&#8217;Orientaci\u00f3 Professional Post-Resid\u00e8ncia que s&#8217;imparteixen als MIR, adherint-les al programa per a explicar-los les opcions laborals un cop finalitzin la resid\u00e8ncia. <\/p>\n\n\n\n<p>Liderem la formaci\u00f3 cont\u00ednua i capacitaci\u00f3 dels metges, incorporant al programa iniciatives innovadores com l&#8217;impuls del coneixement col\u00b7lectiu \u2013 a trav\u00e9s de l&#8217;eina Seasalt \u2013 o l&#8217;aprenentatge per experi\u00e8ncia a trav\u00e9s de la simulaci\u00f3 virtual de la plataforma Simoons. Aix\u00ed com liderant activament iniciatives formatives en col\u00b7laboraci\u00f3 amb els departaments de doc\u00e8ncia de m\u00e9s de 30 hospitals.&nbsp;<\/p>\n<\/div>\n\n\n\n<div class=\"wp-block-column\" style=\"flex-basis:50%\">\n<figure class=\"wp-block-image size-large is-resized\"><img loading=\"lazy\" src=\"https:\/\/comunicasmas.com\/mutual-medica\/informe-sostenibilidad-2022\/wp-content\/uploads\/2023\/07\/iStock-1374010907-1024x742.jpg\" alt=\"\" class=\"wp-image-4364\" width=\"768\" height=\"557\"\/><\/figure>\n<\/div>\n<\/div>\n\n\n\n<figure class=\"wp-block-image size-full is-resized\"><img loading=\"lazy\" src=\"https:\/\/comunicasmas.com\/mutual-medica\/informe-sostenibilidad-2022\/wp-content\/uploads\/2023\/07\/cuidarme-1.png\" alt=\"\" class=\"wp-image-4208\" width=\"134\" height=\"30\" srcset=\"https:\/\/comunicasmas.com\/mutual-medica\/informe-sostenibilidad-2022\/wp-content\/uploads\/2023\/07\/cuidarme-1.png 428w, https:\/\/comunicasmas.com\/mutual-medica\/informe-sostenibilidad-2022\/wp-content\/uploads\/2023\/07\/cuidarme-1-300x67.png 300w\" sizes=\"(max-width: 134px) 100vw, 134px\" \/><\/figure>\n\n\n\n<div class=\"wp-block-columns\">\n<div class=\"wp-block-column\" style=\"flex-basis:50%\">\n<p>El programa se centra en vetllar per la salut del metge i pel seu benestar, aix\u00ed com en conscienciar el metge de la import\u00e0ncia de cuidar-se. Articulant l&#8217;activitat a trav\u00e9s de dues l\u00ednies d&#8217;actuaci\u00f3 claus: l&#8217;estudi de la salut del metge i la humanitzaci\u00f3 dels centres hospitalaris.<\/p>\n\n\n\n<p>Contribu\u00efm activament a vetllar pel benestar f\u00edsic i mental del col\u00b7lectiu, incorporant al programa iniciatives com ara el suport psicol\u00f2gic i els tallers per a la salut mental, en col\u00b7laboraci\u00f3 amb la fundaci\u00f3 Galatea.<\/p>\n\n\n\n<p>Liderem la formaci\u00f3, la protecci\u00f3 i la resposta enfront d&#8217;un fenomen creixent en els \u00faltims anys: les agressions a metges. <\/p>\n\n\n\n<p>El programa contribueix activament al benestar dels metges durant el desenvolupament de la seva activitat, a trav\u00e9s de projectes d&#8217;humanitzaci\u00f3 d&#8217;espais als hospitals. Amb una important dotaci\u00f3 econ\u00f2mica anual, destinada a diversos projectes amb impacte hum\u00e0 i en col\u00b7laboraci\u00f3 amb entitats de reconegut prestigi com la fundaci\u00f3 Aladina.<\/p>\n<\/div>\n\n\n\n<div class=\"wp-block-column\" style=\"flex-basis:50%\">\n<figure class=\"wp-block-image size-large is-resized\"><img loading=\"lazy\" src=\"https:\/\/comunicasmas.com\/mutual-medica\/informe-sostenibilidad-2022\/wp-content\/uploads\/2023\/07\/iStock-894125638-1024x683.jpg\" alt=\"\" class=\"wp-image-4361\" width=\"768\" height=\"512\"\/><\/figure>\n<\/div>\n<\/div>\n\n\n\n<figure class=\"wp-block-image size-full is-resized\"><img loading=\"lazy\" src=\"https:\/\/comunicasmas.com\/mutual-medica\/informe-sostenibilidad-2022\/wp-content\/uploads\/2023\/09\/conscienciarme_ca-edited-e1695724610872.png\" alt=\"\" class=\"wp-image-5544\" width=\"215\" height=\"41\"\/><\/figure>\n\n\n\n<div class=\"wp-block-columns\">\n<div class=\"wp-block-column\" style=\"flex-basis:50%\">\n<p>El programa amb un eix solidari i amb impacte social, destinat a conscienciar el col\u00b7lectiu de metges de la seva capacitat d&#8217;impacte positiu, aix\u00ed com a fomentar la solidaritat i la col\u00b7laboraci\u00f3 entre metges, especialment en moments de vulnerabilitat. <\/p>\n\n\n\n<p>Una conscienciaci\u00f3 que el programa tangibilitza a trav\u00e9s d&#8217;iniciatives orientades a vetllar per la qualitat de vida, la plena autonomia i la seguretat del metge i fomentant l&#8217;esperit solidari entre el col\u00b7lectiu: \u201cSom metges ajudant a metges\u201d. <\/p>\n<\/div>\n\n\n\n<div class=\"wp-block-column\" style=\"flex-basis:50%\">\n<figure class=\"wp-block-image size-large is-resized\"><img loading=\"lazy\" src=\"https:\/\/comunicasmas.com\/mutual-medica\/informe-sostenibilidad-2022\/wp-content\/uploads\/2023\/07\/iStock-1437830105-1-1024x742.jpg\" alt=\"\" class=\"wp-image-4678\" width=\"768\" height=\"557\"\/><\/figure>\n<\/div>\n<\/div>\n\n\n\n<p id=\"accio-social\"><\/p>\n\n\n\n<h2>Acci\u00f3 social<\/h2>\n\n\n\n<h3>Accions solid\u00e0ries<\/h3>\n\n\n\n<p>Sentim un gran comprom\u00eds amb la comunitat que ens envolta. \u00c9s per aix\u00f2 que intentem aportar el nostre granet de sorra amb petites accions que signifiquen molt per a aquell que les rep.<\/p>\n\n\n\n<h5>Suport a startups<\/h5>\n\n\n\n<p>Acompanyament de startups tecnol\u00f2giques en el seu naixement a trav\u00e9s del projecte Insurhub, un projecte que compta amb la participaci\u00f3 de diferents mutualitats juntament amb una entitat acceleradora de startups.<\/p>\n\n\n\n<h5>Suport al Projecte \u201croses solid\u00e0ries\u201d de l&#8217;Hospital Sant Joan de D\u00e9u <\/h5>\n\n\n\n<p>Cada any l&#8217;entitat obsequia els seus treballadors amb una rosa virtual. Els beneficis es destinen a millorar la vida de les persones m\u00e9s necessitades i vulnerables.<\/p>\n\n\n\n<h5>Donaci\u00f3 d&#8217;equips tecnol\u00f2gics<\/h5>\n\n\n\n<p>Fem una donaci\u00f3 anual d&#8217;equips tecnol\u00f2gics de segona m\u00e0 a la poblaci\u00f3 m\u00e9s desfavorida econ\u00f2micament i amb pocs recursos inform\u00e0tics.<\/p>\n\n\n\n<h5>Junts, cooperem segurs<\/h5>\n\n\n\n<p>La cooperaci\u00f3 solid\u00e0ria entre metges \u00e9s la base de Mutual M\u00e8dica. Tamb\u00e9, i especialment, quan es tracta d&#8217;ajudar els metges cooperants en projectes de voluntariat, all\u00e0 on estiguin prestant la seva ajuda. <\/p>\n\n\n\n<p>Com a metge cooperant, disposes directament d&#8217;una asseguran\u00e7a especial sense cost que et protegeix en aquesta etapa de voluntariat.<\/p>\n\n\n\n<h3>Accions d&#8217;associaci\u00f3<\/h3>\n\n\n\n<p>Finalment, participem activament en diverses agrupacions de mutualitats de previsi\u00f3 social. A trav\u00e9s d&#8217;elles, impulsem propostes a les Administracions en benefici del mutualista, a escala nacional i europea:<\/p>\n\n\n\n<h5>Confederaci\u00f3 Espanyola de Mutualitats de Previsi\u00f3 Social (CNEPS)<\/h5>\n\n\n\n<p>\u00c9s el m\u00e0xim \u00f2rgan de representaci\u00f3 del Mutualisme de Previsi\u00f3 Social a Espanya i exerceix la defensa i foment dels interessos del Mutualisme de Previsi\u00f3 Social. Actualment representa a m\u00e9s de 200 mutualitats pertanyents a diferents sectors professionals.<\/p>\n\n\n\n<h5>Association of Mutual Insurers and Insurance Cooperatives in Europe (AMICE)<\/h5>\n\n\n\n<p>Defensa un tracte adequat i just per a totes les m\u00fatues i cooperatives d&#8217;assegurances d&#8217;Europa, independentment de les seves dimensions. Constitueix una plataforma perqu\u00e8 les entitats comparteixin recursos i coneixements, intercanvi\u00efn experi\u00e8ncies i debatin q\u00fcestions i preocupacions clau relacionades amb els canvis legislatius i reglamentaris de la Uni\u00f3 Europea.<\/p>\n","protected":false},"excerpt":{"rendered":"<p>Reinversi\u00f3 en el col\u00b7lectiu m\u00e8dic a trav\u00e9s dels programes de la Fundaci\u00f3 Mutual M\u00e8dica Si \u00e9s important per al metge, \u00e9s un comprom\u00eds per a nosaltres. Sota aquesta premissa la Fundaci\u00f3 Mutual M\u00e8dica reinverteix en el benestar del metge, complint aix\u00ed el precepte de \u201cel nostre benefici, \u00e9s teu\u201d. A la Fundaci\u00f3 Mutual M\u00e8dica centrem [&hellip;]<\/p>\n","protected":false},"author":1,"featured_media":4469,"parent":0,"menu_order":0,"comment_status":"closed","ping_status":"closed","template":"","meta":{"_et_pb_use_builder":"","_et_pb_old_content":"","_et_gb_content_width":""},"_links":{"self":[{"href":"https:\/\/comunicasmas.com\/mutual-medica\/informe-sostenibilidad-2022\/wp-json\/wp\/v2\/pages\/5340"}],"collection":[{"href":"https:\/\/comunicasmas.com\/mutual-medica\/informe-sostenibilidad-2022\/wp-json\/wp\/v2\/pages"}],"about":[{"href":"https:\/\/comunicasmas.com\/mutual-medica\/informe-sostenibilidad-2022\/wp-json\/wp\/v2\/types\/page"}],"author":[{"embeddable":true,"href":"https:\/\/comunicasmas.com\/mutual-medica\/informe-sostenibilidad-2022\/wp-json\/wp\/v2\/users\/1"}],"replies":[{"embeddable":true,"href":"https:\/\/comunicasmas.com\/mutual-medica\/informe-sostenibilidad-2022\/wp-json\/wp\/v2\/comments?post=5340"}],"version-history":[{"count":12,"href":"https:\/\/comunicasmas.com\/mutual-medica\/informe-sostenibilidad-2022\/wp-json\/wp\/v2\/pages\/5340\/revisions"}],"predecessor-version":[{"id":5567,"href":"https:\/\/comunicasmas.com\/mutual-medica\/informe-sostenibilidad-2022\/wp-json\/wp\/v2\/pages\/5340\/revisions\/5567"}],"wp:featuredmedia":[{"embeddable":true,"href":"https:\/\/comunicasmas.com\/mutual-medica\/informe-sostenibilidad-2022\/wp-json\/wp\/v2\/media\/4469"}],"wp:attachment":[{"href":"https:\/\/comunicasmas.com\/mutual-medica\/informe-sostenibilidad-2022\/wp-json\/wp\/v2\/media?parent=5340"}],"curies":[{"name":"wp","href":"https:\/\/api.w.org\/{rel}","templated":true}]}}