{"id":4955,"date":"2023-07-27T15:48:16","date_gmt":"2023-07-27T15:48:16","guid":{"rendered":"https:\/\/comunicasmas.com\/mutual-medica\/informe-sostenibilidad-2022\/?page_id=4955"},"modified":"2023-09-13T08:26:44","modified_gmt":"2023-09-13T08:26:44","slug":"presentacion-del-informe-2022","status":"publish","type":"page","link":"https:\/\/comunicasmas.com\/mutual-medica\/informe-sostenibilidad-2022\/es\/presentacion-del-informe-2022\/","title":{"rendered":"PRESENTACI\u00d3N DEL INFORME 2022"},"content":{"rendered":"\n<p id=\"carta-de-la-presidenta\"><\/p>\n\n\n\n<h1><strong>Mutual M\u00e9dica apuesta por una gesti\u00f3n m\u00e1s eficiente y sostenible<\/strong><\/h1>\n\n\n\n<div style=\"height:50px\" aria-hidden=\"true\" class=\"wp-block-spacer\"><\/div>\n\n\n\n<p>Estimados mutualistas:<\/p>\n\n\n\n<p>Me complace presentaros el primer <strong>Informe de Sostenibilidad<\/strong> de Mutual M\u00e9dica en el que se refleja la relevancia transversal de la sostenibilidad para nuestra entidad. Nuestro objetivo es reforzar la transparencia &nbsp;ante nuestros grupos de inter\u00e9s y rendir cuentas sobre nuestro desempe\u00f1o social, ambiental y de gobernanza.<\/p>\n\n\n\n<p>Bajo estas premisas centramos la estrategia de sostenibilidad de Mutual M\u00e9dica desde un enfoque responsable y sostenible que nos permite avanzar en el desarrollo y consolidaci\u00f3n de un sistema de gesti\u00f3n \u00e9tica dentro de la entidad, teniendo en cuenta las expectativas de todas las partes interesadas.&nbsp; El objetivo es afianzar nuestro posicionamiento estrat\u00e9gico y desarrollar relaciones justas y equitativas con nuestros mutualistas, colaboradores, proveedores y el colectivo m\u00e9dico.<\/p>\n\n\n\n<p>A lo largo del 2022 hemos estado trabajando en el <strong>Programa de Sostenibilidad.<\/strong> Un plan que nos ha permitido desarrollar el <strong>Plan Director de Sostenibilidad 2023-2025<\/strong>, una iniciativa ambiciosa que tiene como objetivo adaptar la estrategia de la entidad a las necesidades y prioridades de todos los grupos de inter\u00e9s, aspirando as\u00ed a convertir Mutual M\u00e9dica en una entidad m\u00e1s eficiente, responsable y comprometida con el entorno y la sociedad. Este plan nos ha ayudado a redefinir nuestras l\u00edneas estrat\u00e9gicas e impulsar la incorporaci\u00f3n de criterios ASG en la toma de decisiones para todas nuestras \u00e1reas de negocio.<\/p>\n\n\n\n<p>En t\u00e9rminos de gobierno corporativo, en Mutual M\u00e9dica nos esforzamos por mantener los m\u00e1s altos est\u00e1ndares de transparencia, \u00e9tica y cumplimiento normativo. En 2022 hemos establecido pol\u00edticas que nos &nbsp;permiten disponer de un sistema de gobierno robusto, que garantiza una gesti\u00f3n sana, prudente y \u00e9tica de la entidad, adecuada a la complejidad de nuestras operaciones. &nbsp;Adem\u00e1s de pol\u00edticas para asegurar la integridad a todos los niveles y velar por la igualdad de oportunidades en el trato entre empleados, mutualistas y el colectivo m\u00e9dico.<\/p>\n\n\n\n<p>En el informe queda tambi\u00e9n reflejado nuestro compromiso con la inversi\u00f3n sostenible incorporando criterios ambientales, \u00e9ticos y morales en la toma de decisiones de inversi\u00f3n, que nos ayudan a excluir sectores controvertidos, pa\u00edses y entidades poco \u00e9ticas.<\/p>\n\n\n\n<p>Os invito a consultar este Informe de Sostenibilidad que ofrece una visi\u00f3n global sobre nuestra gesti\u00f3n de la sostenibilidad.<\/p>\n\n\n\n<p>Aprovecho esta oportunidad para agradecer a nuestros mutualistas, colaboradores y dem\u00e1s grupos de inter\u00e9s su contribuci\u00f3n para que en Mutual M\u00e9dica podamos seguir avanzando en el camino hacia el desarrollo sostenible.<\/p>\n\n\n\n<p>Atentamente,<\/p>\n\n\n\n<div class=\"wp-block-columns w60 margin_zero\">\n<div class=\"wp-block-column w80\">\n<div class=\"wp-block-image fotoRounded is-style-rounded\"><figure class=\"aligncenter size-full\"><img loading=\"lazy\" width=\"663\" height=\"663\" src=\"https:\/\/comunicasmas.com\/mutual-medica\/informe-sostenibilidad-2022\/wp-content\/uploads\/2023\/07\/Dra_M_Asuncion_Torrents_edit-1.jpg\" alt=\"\" class=\"wp-image-4499\" srcset=\"https:\/\/comunicasmas.com\/mutual-medica\/informe-sostenibilidad-2022\/wp-content\/uploads\/2023\/07\/Dra_M_Asuncion_Torrents_edit-1.jpg 663w, https:\/\/comunicasmas.com\/mutual-medica\/informe-sostenibilidad-2022\/wp-content\/uploads\/2023\/07\/Dra_M_Asuncion_Torrents_edit-1-480x480.jpg 480w\" sizes=\"(min-width: 0px) and (max-width: 480px) 480px, (min-width: 481px) 663px, 100vw\" \/><\/figure><\/div>\n\n\n\n<p class=\"has-text-align-center\"><strong>Dra. M. Asunci\u00f3n Torrents Fern\u00e1ndez<br><\/strong>Presidenta de la Comisi\u00f3n de Estrategia, Innovaci\u00f3n y RSC<\/p>\n\n\n\n<div class=\"wp-block-image\"><figure class=\"aligncenter size-large is-resized\"><img loading=\"lazy\" src=\"https:\/\/comunicasmas.com\/mutual-medica\/informe-sostenibilidad-2022\/wp-content\/uploads\/2022\/05\/SignaturaAssumcio-1024x630.jpg\" alt=\"\" class=\"wp-image-1453\" width=\"166\" height=\"102\"\/><\/figure><\/div>\n<\/div>\n\n\n\n<div class=\"wp-block-column\">\n<p class=\"has-text-align-center\"><\/p>\n<\/div>\n\n\n\n<div class=\"wp-block-column\">\n<p class=\"has-text-align-center\"><\/p>\n<\/div>\n<\/div>\n\n\n\n<p class=\"has-text-align-right\"><\/p>\n\n\n\n<div style=\"height:50px\" aria-hidden=\"true\" class=\"wp-block-spacer\"><\/div>\n\n\n\n<h1>RESUMEN DEL 2022<\/h1>\n\n\n\n<p id=\"principales-cifras\"><\/p>\n\n\n\n<h2>Principales cifras (a 31 de diciembre de 2022)<\/h2>\n\n\n\n<div style=\"height:50px\" aria-hidden=\"true\" class=\"wp-block-spacer\"><\/div>\n\n\n\n<iframe loading=\"lazy\" class=\"d\" src=\"https:\/\/comunicasmas.com\/mutual-medica\/informe-sostenibilidad-2022\/wp-content\/uploads\/media\/home-principales-cifras\/anim.html\" width=\"100%\" height=\"600\" marginwidth=\"0\" marginheight=\"0\" frameborder=\"0\" scrolling=\"no\" style=\"display:block; margin: 0 auto;\"><\/iframe>\n\n\n\n<iframe loading=\"lazy\" class=\"m\" src=\"https:\/\/comunicasmas.com\/mutual-medica\/informe-sostenibilidad-2022\/wp-content\/uploads\/media\/home-principales-cifras\/anim.html\" width=\"100%\" height=\"400\" marginwidth=\"0\" marginheight=\"0\" frameborder=\"0\" scrolling=\"no\" style=\"display:block; margin: 0 auto;\"><\/iframe>\n\n\n\n<p id=\"acontecimientos-destacados\"><\/p>\n\n\n\n<h2>Acontecimientos destacados &nbsp;<\/h2>\n\n\n\n<iframe loading=\"lazy\" class=\"d\" src=\"https:\/\/comunicasmas.com\/mutual-medica\/informe-sostenibilidad-2022\/wp-content\/uploads\/media\/home-acontecimientos-destacados\/anim.html\" width=\"100%\" height=\"466\" marginwidth=\"0\" marginheight=\"0\" frameborder=\"0\" scrolling=\"no\" style=\"display:block; margin: 0 auto;\"><\/iframe>\n\n\n\n<iframe loading=\"lazy\" class=\"m\" src=\"https:\/\/comunicasmas.com\/mutual-medica\/informe-sostenibilidad-2022\/wp-content\/uploads\/media\/home-acontecimientos-destacados-m\/animv3.html\" width=\"100%\" height=\"800\" marginwidth=\"0\" marginheight=\"0\" frameborder=\"0\" scrolling=\"no\" style=\"display:block; margin: 0 auto;\"><\/iframe>\n","protected":false},"excerpt":{"rendered":"<p>Mutual M\u00e9dica apuesta por una gesti\u00f3n m\u00e1s eficiente y sostenible Estimados mutualistas: Me complace presentaros el primer Informe de Sostenibilidad de Mutual M\u00e9dica en el que se refleja la relevancia transversal de la sostenibilidad para nuestra entidad. Nuestro objetivo es reforzar la transparencia &nbsp;ante nuestros grupos de inter\u00e9s y rendir cuentas sobre nuestro desempe\u00f1o social, [&hellip;]<\/p>\n","protected":false},"author":1,"featured_media":4546,"parent":0,"menu_order":0,"comment_status":"closed","ping_status":"closed","template":"","meta":{"_et_pb_use_builder":"","_et_pb_old_content":"","_et_gb_content_width":""},"_links":{"self":[{"href":"https:\/\/comunicasmas.com\/mutual-medica\/informe-sostenibilidad-2022\/wp-json\/wp\/v2\/pages\/4955"}],"collection":[{"href":"https:\/\/comunicasmas.com\/mutual-medica\/informe-sostenibilidad-2022\/wp-json\/wp\/v2\/pages"}],"about":[{"href":"https:\/\/comunicasmas.com\/mutual-medica\/informe-sostenibilidad-2022\/wp-json\/wp\/v2\/types\/page"}],"author":[{"embeddable":true,"href":"https:\/\/comunicasmas.com\/mutual-medica\/informe-sostenibilidad-2022\/wp-json\/wp\/v2\/users\/1"}],"replies":[{"embeddable":true,"href":"https:\/\/comunicasmas.com\/mutual-medica\/informe-sostenibilidad-2022\/wp-json\/wp\/v2\/comments?post=4955"}],"version-history":[{"count":18,"href":"https:\/\/comunicasmas.com\/mutual-medica\/informe-sostenibilidad-2022\/wp-json\/wp\/v2\/pages\/4955\/revisions"}],"predecessor-version":[{"id":5333,"href":"https:\/\/comunicasmas.com\/mutual-medica\/informe-sostenibilidad-2022\/wp-json\/wp\/v2\/pages\/4955\/revisions\/5333"}],"wp:featuredmedia":[{"embeddable":true,"href":"https:\/\/comunicasmas.com\/mutual-medica\/informe-sostenibilidad-2022\/wp-json\/wp\/v2\/media\/4546"}],"wp:attachment":[{"href":"https:\/\/comunicasmas.com\/mutual-medica\/informe-sostenibilidad-2022\/wp-json\/wp\/v2\/media?parent=4955"}],"curies":[{"name":"wp","href":"https:\/\/api.w.org\/{rel}","templated":true}]}}