{"id":4215,"date":"2023-07-10T14:06:17","date_gmt":"2023-07-10T14:06:17","guid":{"rendered":"https:\/\/comunicasmas.com\/mutual-medica\/informe-sostenibilidad-2022\/?page_id=4215"},"modified":"2023-10-10T16:01:39","modified_gmt":"2023-10-10T16:01:39","slug":"sobre-este-informe","status":"publish","type":"page","link":"https:\/\/comunicasmas.com\/mutual-medica\/informe-sostenibilidad-2022\/es\/sobre-este-informe\/","title":{"rendered":"SOBRE ESTE INFORME"},"content":{"rendered":"\n<p id=\"bases-de-preparacion\"><\/p>\n\n\n\n<h2>Bases de preparaci\u00f3n y presentaci\u00f3n del informe<\/h2>\n\n\n\n<p>Para ser fieles a nuestra raz\u00f3n de ser y fomentar la transparencia con los mutualistas, hemos elaborado nuestro primer Informe de Sostenibilidad.<\/p>\n\n\n\n<p>El presente informe tiene como objetivo presentar los resultados de las actividades llevadas a cabo en materia econ\u00f3mica, social y ambiental por Mutual M\u00e9dica, Mutualidad de Previsi\u00f3n Social a Prima Fija. La informaci\u00f3n y los datos presentados se corresponden al mismo per\u00edmetro de consolidaci\u00f3n referido en los estados financieros del ejercicio 2022 de la entidad. El periodo objeto de la informaci\u00f3n reportada comprende desde el 1 de enero hasta el 31 de diciembre de 2022 y coincide con el de los informes financieros de la entidad.<\/p>\n\n\n\n<p>Para la elaboraci\u00f3n de este informe se han utilizado como referencia los est\u00e1ndares de Global Reporting Initiative (GRI), aplicando los principios de precisi\u00f3n, equilibrio, claridad, comparabilidad, fiabilidad y puntualidad, que garantizan la calidad de la informaci\u00f3n reportada.<\/p>\n\n\n\n<p>El presente Informe incluye toda aquella informaci\u00f3n relevante para Mutual M\u00e9dica y sus grupos de inter\u00e9s. En 2022&nbsp;se ha llevado a cabo un estudio de materialidad que ha permitido identificar aquellos aspectos de gran impacto para Mutual M\u00e9dica y sus grupos de inter\u00e9s, y que ha servido de base para la preparaci\u00f3n de este informe (consultar el apartado 2.3).<\/p>\n\n\n\n<p>Los temas m\u00e1s relevantes detectados en el \u00e1mbito medioambiental, social y de gobierno quedan cubiertos por los asuntos materiales y la informaci\u00f3n contenida en este Informe. <em><\/em><\/p>\n\n\n\n<p>Este informe ofrece una visi\u00f3n completa del desempe\u00f1o de Mutual M\u00e9dica, resaltando especialmente el compromiso por la ayuda mutua, la reinversi\u00f3n de beneficios con los propios mutualistas, y las nuevas pol\u00edticas e iniciativas sostenibles creadas para la entidad, el colectivo m\u00e9dico y la sociedad. A su vez, refleja el compromiso de Mutual M\u00e9dica con la sostenibilidad, la transparencia, la contribuci\u00f3n al desarrollo de la sociedad y la relaci\u00f3n con los grupos de inter\u00e9s.<\/p>\n\n\n\n<p>Para preguntas relacionadas con este informe contacte con el Departamento de Comunicaci\u00f3n, Marca, RR. II. y Sostenibilidad a trav\u00e9s de <a href=\"mailto:comunicacio@mutualmedica.com\">comunicacio@mutualmedica.com<\/a>.<\/p>\n\n\n\n<p id=\"gri\"><\/p>\n\n\n\n<h2>Tabla de contenidos GRI Standard<\/h2>\n\n\n\n<h3>Declaraci\u00f3n de uso<\/h3>\n\n\n\n<p>Mutual M\u00e9dica ha presentado la informaci\u00f3n citada en este \u00edndice de contenidos GRI para el periodo comprendido entre 1 de enero de 2022 y 31 de diciembre de 2022 utilizando como referencia los Est\u00e1ndares GRI.<\/p>\n\n\n\n<figure class=\"wp-block-image size-full\"><img loading=\"lazy\" width=\"1076\" height=\"2560\" src=\"https:\/\/comunicasmas.com\/mutual-medica\/informe-sostenibilidad-2022\/wp-content\/uploads\/2023\/10\/gri-es-scaled.jpg\" alt=\"\" class=\"wp-image-5601\" srcset=\"https:\/\/comunicasmas.com\/mutual-medica\/informe-sostenibilidad-2022\/wp-content\/uploads\/2023\/10\/gri-es-scaled.jpg 1076w, https:\/\/comunicasmas.com\/mutual-medica\/informe-sostenibilidad-2022\/wp-content\/uploads\/2023\/10\/gri-es-980x2332.jpg 980w, https:\/\/comunicasmas.com\/mutual-medica\/informe-sostenibilidad-2022\/wp-content\/uploads\/2023\/10\/gri-es-480x1142.jpg 480w\" sizes=\"(min-width: 0px) and (max-width: 480px) 480px, (min-width: 481px) and (max-width: 980px) 980px, (min-width: 981px) 1076px, 100vw\" \/><\/figure>\n","protected":false},"excerpt":{"rendered":"<p>Bases de preparaci\u00f3n y presentaci\u00f3n del informe Para ser fieles a nuestra raz\u00f3n de ser y fomentar la transparencia con los mutualistas, hemos elaborado nuestro primer Informe de Sostenibilidad. El presente informe tiene como objetivo presentar los resultados de las actividades llevadas a cabo en materia econ\u00f3mica, social y ambiental por Mutual M\u00e9dica, Mutualidad de [&hellip;]<\/p>\n","protected":false},"author":1,"featured_media":4550,"parent":0,"menu_order":0,"comment_status":"closed","ping_status":"closed","template":"","meta":{"_et_pb_use_builder":"","_et_pb_old_content":"","_et_gb_content_width":""},"_links":{"self":[{"href":"https:\/\/comunicasmas.com\/mutual-medica\/informe-sostenibilidad-2022\/wp-json\/wp\/v2\/pages\/4215"}],"collection":[{"href":"https:\/\/comunicasmas.com\/mutual-medica\/informe-sostenibilidad-2022\/wp-json\/wp\/v2\/pages"}],"about":[{"href":"https:\/\/comunicasmas.com\/mutual-medica\/informe-sostenibilidad-2022\/wp-json\/wp\/v2\/types\/page"}],"author":[{"embeddable":true,"href":"https:\/\/comunicasmas.com\/mutual-medica\/informe-sostenibilidad-2022\/wp-json\/wp\/v2\/users\/1"}],"replies":[{"embeddable":true,"href":"https:\/\/comunicasmas.com\/mutual-medica\/informe-sostenibilidad-2022\/wp-json\/wp\/v2\/comments?post=4215"}],"version-history":[{"count":22,"href":"https:\/\/comunicasmas.com\/mutual-medica\/informe-sostenibilidad-2022\/wp-json\/wp\/v2\/pages\/4215\/revisions"}],"predecessor-version":[{"id":5602,"href":"https:\/\/comunicasmas.com\/mutual-medica\/informe-sostenibilidad-2022\/wp-json\/wp\/v2\/pages\/4215\/revisions\/5602"}],"wp:featuredmedia":[{"embeddable":true,"href":"https:\/\/comunicasmas.com\/mutual-medica\/informe-sostenibilidad-2022\/wp-json\/wp\/v2\/media\/4550"}],"wp:attachment":[{"href":"https:\/\/comunicasmas.com\/mutual-medica\/informe-sostenibilidad-2022\/wp-json\/wp\/v2\/media?parent=4215"}],"curies":[{"name":"wp","href":"https:\/\/api.w.org\/{rel}","templated":true}]}}