{"id":4211,"date":"2023-07-10T14:04:21","date_gmt":"2023-07-10T14:04:21","guid":{"rendered":"https:\/\/comunicasmas.com\/mutual-medica\/informe-sostenibilidad-2022\/?page_id=4211"},"modified":"2023-09-29T10:12:23","modified_gmt":"2023-09-29T10:12:23","slug":"2022-compromiso-con-el-medio-ambiente","status":"publish","type":"page","link":"https:\/\/comunicasmas.com\/mutual-medica\/informe-sostenibilidad-2022\/es\/2022-compromiso-con-el-medio-ambiente\/","title":{"rendered":"COMPROMISO<br\/>CON EL MEDIO AMBIENTE"},"content":{"rendered":"\n<h2>M\u00ednimo impacto en el medio ambiente<\/h2>\n\n\n\n<p>En Mutual M\u00e9dica trabajamos d\u00eda a d\u00eda para lograr que nuestras actividades tengan el m\u00ednimo impacto posible en el medio ambiente. En este sentido, intentamos alinear los objetivos y procesos operativos para contribuir a la consecuci\u00f3n de los objetivos clim\u00e1ticos que plantea el Acuerdo de Par\u00eds, todo ello con el fin de impulsar la lucha contra el cambio clim\u00e1tico.<\/p>\n\n\n\n<p>Las principales acciones llevadas a cabo para la mitigaci\u00f3n del cambio clim\u00e1tico se enfocan en:<\/p>\n\n\n\n<ul><li>Reducir el consumo de recursos (papel, agua y energ\u00eda) en el desarrollo de la actividad.<\/li><li>Calcular y reducir las emisiones de gases de efecto invernadero generadas por las operaciones.<\/li><li>Desarrollar productos y soluciones innovadoras frente al cambio clim\u00e1tico.<\/li><\/ul>\n\n\n\n<p id=\"consumo-de-recursos\"><\/p>\n\n\n\n<h2>Consumo de recursos<\/h2>\n\n\n\n<figure class=\"wp-block-video\"><video autoplay muted src=\"https:\/\/comunicasmas.com\/mutual-medica\/informe-sostenibilidad-2022\/wp-content\/uploads\/2023\/08\/index_1-1.mp4\" playsinline><\/video><\/figure>\n\n\n\n<p><em>(*) Incluye el consumo de la sede social de Barcelona. El consumo se ha estimado en funci\u00f3n de les cartas enviadas (incluyendo los sobres y el papel A4) a lo largo del 2022.<\/em><\/p>\n\n\n\n<p><em>(**) Incluye el consumo de la sede social de Barcelona y de las oficinas de Madrid, que en conjunto representan un 85% de la superficie total de los centros de trabajo de la entidad y acumulan el 74% de la plantilla total de la entidad. El consumo se ha estimado a partir del importe total facturado en 2022, aplicando el coste medio de la electricidad correspondiente al a\u00f1o 2022. Fuente: <strong><a rel=\"noreferrer noopener\" href=\"https:\/\/www.sistemaelectrico-ree.es\/sites\/default\/files\/2023-03\/ISE_2022.pdf\" target=\"_blank\">Informe del Sistema El\u00e9ctrico 2022 de Red El\u00e9ctrica de Espa\u00f1a<\/a>. <\/strong><\/em><\/p>\n\n\n\n<p><em>(***) Incluye el consumo de la flota total de veh\u00edculos. El consumo se ha estimado a partir del importe total facturado en 2022, aplicando el coste medio para cada una de las fuentes de energ\u00eda correspondiente al 2022. Fuente:<strong> <a rel=\"noreferrer noopener\" href=\"https:\/\/energia.gob.es\/petroleo\/Informes\/InformesAnuales\/InformesAnuales\/Precios%20Carburantes.%20Comparaci%C3%B3n%202021-2022.pdf\" target=\"_blank\">Informe de los Precios de Carburantes y Combustibles. Comparaci\u00f3n 2021-2022 del Ministerio para la Transici\u00f3n Ecol\u00f3gica y el Reto Demogr\u00e1fico (MITECO)<\/a><\/strong><\/em>.<\/p>\n\n\n\n<p><em>(****) Incluye el consumo de la sede social de Barcelona, que representa el 77% de la superficie total de los centros de trabajo propios de la entidad y acumula el 65% de la plantilla total de la entidad. El consumo se ha estimado a partir del importe total facturado en 2022, aplicando el coste medio del agua correspondiente al a\u00f1o 2022. Fuente: <a rel=\"noreferrer noopener\" href=\"https:\/\/aca.gencat.cat\/web\/.content\/10_ACA\/J_Publicacions\/05-estudis-preus-i-tarifes\/20_Estudi_preu_aigua_2022_es.pdf\" target=\"_blank\"><strong>Estudio del precio del agua en Catalu\u00f1a 2022 de la Agencia Catalana del Agua<\/strong><\/a><\/em>.<\/p>\n\n\n\n<p>Convertirse en una oficina sin papel es un objetivo codiciado en la mayor\u00eda de las organizaciones. En Mutual M\u00e9dica hemos realizado una apuesta firme por avanzar en la digitalizaci\u00f3n de los procesos y reducir al m\u00e1ximo el consumo de papel.<\/p>\n\n\n\n<p>Desde 2021 hemos intensificado nuestros esfuerzos, implantando las siguientes medidas: reducimos el uso del correo postal para las comunicaciones con los mutualistas, que ahora canalizamos a trav\u00e9s del&nbsp;<em>emailing<\/em>; habilitamos la asesor\u00eda virtual, habilitamos nuevos canales de comunicaci\u00f3n <em>online<\/em> con la plantilla y los mutualistas, lanzando el Portal de Contrataci\u00f3n y el Portal de Prestaciones, respectivamente; habilitamos para toda la plantilla la herramienta Confluence, que funciona como repositorio com\u00fan para compartir toda la documentaci\u00f3n interna de forma digital; lanzamos el portal del empleado <em>Mi Mutual<\/em>.<\/p>\n\n\n\n<p>En 2022, hemos dado un paso m\u00e1s en el proceso de transformaci\u00f3n digital y hemos integrado la firma digital tanto a nivel interno como para el mutualista, hemos abierto el acceso telem\u00e1tico a las asambleas y hemos lanzado el \u00c1rea Mutualista.<\/p>\n\n\n\n<p id=\"lucha-contra-el-cambio-climatico\"><\/p>\n\n\n\n<h2>Lucha contra el cambio clim\u00e1tico<\/h2>\n\n\n\n<p>Por primera vez, en Mutual M\u00e9dica hemos calculado la huella de carbono de nuestras actividades para el 2022, con el objetivo de cuantificar el impacto sobre el cambio clim\u00e1tico en t\u00e9rminos de emisiones de gases de efecto invernadero (GEI):<\/p>\n\n\n\n<figure class=\"wp-block-image size-full\"><img loading=\"lazy\" width=\"888\" height=\"413\" src=\"https:\/\/comunicasmas.com\/mutual-medica\/informe-sostenibilidad-2022\/wp-content\/uploads\/2023\/07\/image-45.png\" alt=\"\" class=\"wp-image-4780\" srcset=\"https:\/\/comunicasmas.com\/mutual-medica\/informe-sostenibilidad-2022\/wp-content\/uploads\/2023\/07\/image-45.png 888w, https:\/\/comunicasmas.com\/mutual-medica\/informe-sostenibilidad-2022\/wp-content\/uploads\/2023\/07\/image-45-480x223.png 480w\" sizes=\"(min-width: 0px) and (max-width: 480px) 480px, (min-width: 481px) 888px, 100vw\" \/><\/figure>\n\n\n\n<p>Con el fin de reducir la huella de carbono, en Mutual M\u00e9dica nos comprometemos a promover h\u00e1bitos de conducci\u00f3n eficiente entre los conductores, apostando por la <strong>utilizaci\u00f3n de coches h\u00edbridos<\/strong> para los asesores comerciales y otros colaboradores, adem\u00e1s de ofrecer cursos de conducci\u00f3n. En cuanto a la flota de veh\u00edculos de <em>renting<\/em> que utilizan los asesores comerciales, en 2022 hemos incrementado el porcentaje de coches h\u00edbridos hasta el 72%.<\/p>\n\n\n\n<p><\/p>\n\n\n\n<div class=\"wp-block-columns\">\n<div class=\"wp-block-column\" style=\"flex-basis:50%\">\n<p>Adem\u00e1s de esta iniciativa, desde 2021, colaboramos<strong> con<\/strong>&nbsp;<a rel=\"noreferrer noopener\" href=\"https:\/\/bosquia.es\/\" target=\"_blank\"><strong>Bosquia<\/strong><\/a><strong>, <\/strong>entidad que tiene como objetivo principal la protecci\u00f3n y cuidado de la naturaleza, para combatir la deforestaci\u00f3n en la comarca de La Selva (Girona), mediante la plantaci\u00f3n de un total de 300 \u00e1rboles aut\u00f3ctonos en un terreno que se encontraba da\u00f1ado por un incendio, y el apadrinamiento de la parcela donde se ha realizado dicha plantaci\u00f3n.&nbsp;<\/p>\n\n\n\n<p>Con nuestra colaboraci\u00f3n, se calcula que el bosque de Mutual M\u00e9dica absorber\u00e1 aproximadamente 50 toneladas de CO<sub>2<\/sub>&nbsp;emitidas a la atm\u00f3sfera en 30 a\u00f1os, que contribuir\u00e1n a reducir las emisiones de GEI que se emiten a la atmosfera. A trav\u00e9s de la certificaci\u00f3n acreditativa corporativa que nos otorga Bosquia acreditamos las toneladas de CO<sub>2<\/sub> absorbidas.<\/p>\n<\/div>\n\n\n\n<div class=\"wp-block-column\" style=\"flex-basis:50%\">\n<div class=\"wp-block-image\"><figure class=\"aligncenter size-large is-resized\"><img loading=\"lazy\" src=\"https:\/\/comunicasmas.com\/mutual-medica\/informe-sostenibilidad-2022\/wp-content\/uploads\/2023\/07\/IMG_20220129_095742-1024x576.jpg\" alt=\"\" class=\"wp-image-4375\" width=\"545\" height=\"306\"\/><\/figure><\/div>\n<\/div>\n<\/div>\n\n\n\n<div class=\"wp-block-columns\">\n<div class=\"wp-block-column\" style=\"flex-basis:50%\"><\/div>\n\n\n\n<div class=\"wp-block-column\" style=\"flex-basis:50%\"><\/div>\n<\/div>\n","protected":false},"excerpt":{"rendered":"<p>M\u00ednimo impacto en el medio ambiente En Mutual M\u00e9dica trabajamos d\u00eda a d\u00eda para lograr que nuestras actividades tengan el m\u00ednimo impacto posible en el medio ambiente. En este sentido, intentamos alinear los objetivos y procesos operativos para contribuir a la consecuci\u00f3n de los objetivos clim\u00e1ticos que plantea el Acuerdo de Par\u00eds, todo ello con [&hellip;]<\/p>\n","protected":false},"author":1,"featured_media":4558,"parent":0,"menu_order":0,"comment_status":"closed","ping_status":"closed","template":"","meta":{"_et_pb_use_builder":"","_et_pb_old_content":"","_et_gb_content_width":""},"_links":{"self":[{"href":"https:\/\/comunicasmas.com\/mutual-medica\/informe-sostenibilidad-2022\/wp-json\/wp\/v2\/pages\/4211"}],"collection":[{"href":"https:\/\/comunicasmas.com\/mutual-medica\/informe-sostenibilidad-2022\/wp-json\/wp\/v2\/pages"}],"about":[{"href":"https:\/\/comunicasmas.com\/mutual-medica\/informe-sostenibilidad-2022\/wp-json\/wp\/v2\/types\/page"}],"author":[{"embeddable":true,"href":"https:\/\/comunicasmas.com\/mutual-medica\/informe-sostenibilidad-2022\/wp-json\/wp\/v2\/users\/1"}],"replies":[{"embeddable":true,"href":"https:\/\/comunicasmas.com\/mutual-medica\/informe-sostenibilidad-2022\/wp-json\/wp\/v2\/comments?post=4211"}],"version-history":[{"count":19,"href":"https:\/\/comunicasmas.com\/mutual-medica\/informe-sostenibilidad-2022\/wp-json\/wp\/v2\/pages\/4211\/revisions"}],"predecessor-version":[{"id":5579,"href":"https:\/\/comunicasmas.com\/mutual-medica\/informe-sostenibilidad-2022\/wp-json\/wp\/v2\/pages\/4211\/revisions\/5579"}],"wp:featuredmedia":[{"embeddable":true,"href":"https:\/\/comunicasmas.com\/mutual-medica\/informe-sostenibilidad-2022\/wp-json\/wp\/v2\/media\/4558"}],"wp:attachment":[{"href":"https:\/\/comunicasmas.com\/mutual-medica\/informe-sostenibilidad-2022\/wp-json\/wp\/v2\/media?parent=4211"}],"curies":[{"name":"wp","href":"https:\/\/api.w.org\/{rel}","templated":true}]}}