{"id":4204,"date":"2023-07-10T13:59:29","date_gmt":"2023-07-10T13:59:29","guid":{"rendered":"https:\/\/comunicasmas.com\/mutual-medica\/informe-sostenibilidad-2022\/?page_id=4204"},"modified":"2023-09-07T11:27:28","modified_gmt":"2023-09-07T11:27:28","slug":"2022-compromiso-con-el-colectivo-medico-y-la-sociedad","status":"publish","type":"page","link":"https:\/\/comunicasmas.com\/mutual-medica\/informe-sostenibilidad-2022\/es\/2022-compromiso-con-el-colectivo-medico-y-la-sociedad\/","title":{"rendered":"COMPROMISO CON EL COLECTIVO<br\/>M\u00c9DICO Y LA SOCIEDAD"},"content":{"rendered":"\n<p id=\"reinversion-en-el-colectivo-medico\"><\/p>\n\n\n\n<h2>Reinversi\u00f3n en el colectivo m\u00e9dico a trav\u00e9s de los programas de la Fundaci\u00f3n Mutual M\u00e9dica<\/h2>\n\n\n\n<div class=\"wp-block-columns\">\n<div class=\"wp-block-column\" style=\"flex-basis:50%\">\n<p>Si es importante para el m\u00e9dico, es un compromiso para nosotros. Bajo esta premisa la Fundaci\u00f3n Mutual M\u00e9dica reinvierte en el bienestar del m\u00e9dico, cumpliendo as\u00ed el precepto de \u201cnuestro beneficio, es tuyo\u201d. <\/p>\n\n\n\n<p>En la Fundaci\u00f3n Mutual M\u00e9dica centramos nuestra misi\u00f3n en la b\u00fasqueda permanente del bienestar del m\u00e9dico, tanto en el \u00e1mbito personal como en su crecimiento profesional, fundament\u00e1ndola en los pilares de la formaci\u00f3n y la salud.<\/p>\n<\/div>\n\n\n\n<div class=\"wp-block-column\" style=\"flex-basis:50%\">\n<div class=\"wp-block-image\"><figure class=\"aligncenter is-resized\"><img loading=\"lazy\" src=\"https:\/\/www.comcantabria.es\/wp-content\/uploads\/2022\/07\/foto-F.-Mutual-M%C3%A9dica.png\" alt=\"\" width=\"282\" height=\"145\"\/><\/figure><\/div>\n<\/div>\n<\/div>\n\n\n\n<p>Esta misi\u00f3n se basa en los valores de <strong>especializaci\u00f3n<\/strong>, <strong>innovaci\u00f3n<\/strong> y <strong>salud<\/strong>, tan propios del colectivo m\u00e9dico, y act\u00faa con la visi\u00f3n de ser la entidad de referencia para canalizar el bienestar del m\u00e9dico, m\u00e1s all\u00e1 de las administraciones p\u00fablicas. Buscamos, de este modo, dar respuesta a los nuevos retos a los que se enfrentan los profesionales en materia de investigaci\u00f3n, una formaci\u00f3n de excelencia, educaci\u00f3n y preservaci\u00f3n de su salud.<\/p>\n\n\n\n<p>A lo largo del 2022, la Fundaci\u00f3n ha creado nuevos proyectos entorno a tres programas que influyen en la calidad de vida del m\u00e9dico: Impulsar(Me), Cuidar(Me) y Concienciar(Me).<\/p>\n\n\n\n<div style=\"height:50px\" aria-hidden=\"true\" class=\"wp-block-spacer\"><\/div>\n\n\n\n<figure class=\"wp-block-image size-full is-resized\"><img loading=\"lazy\" src=\"https:\/\/comunicasmas.com\/mutual-medica\/informe-sostenibilidad-2022\/wp-content\/uploads\/2023\/07\/impulsarme.png\" alt=\"\" class=\"wp-image-4206\" width=\"159\" height=\"34\"\/><\/figure>\n\n\n\n<div class=\"wp-block-columns\">\n<div class=\"wp-block-column\" style=\"flex-basis:50%\">\n<p>El programa destinado para impulsar a los m\u00e9dicos en su formaci\u00f3n y en la investigaci\u00f3n en todas las etapas de su vida profesional. Con especial atenci\u00f3n en promover e impulsar el desarrollo tanto del profesional m\u00e9dico como de la profesi\u00f3n.&nbsp;<\/p>\n\n\n\n<p>El programa despliega todo su sentido en la etapa de formaci\u00f3n de nuevos m\u00e9dicos, y en el especial la transici\u00f3n hacia la vida laboral, con iniciativas y apoyos a la formaci\u00f3n, premiando sus aptitudes en investigaci\u00f3n y ofreciendo orientaci\u00f3n post-acad\u00e9mica a los j\u00f3venes estudiantes.<\/p>\n\n\n\n<p>Lideramos la formaci\u00f3n continua y capacitaci\u00f3n de los m\u00e9dicos, incorporando al programa innovadoras iniciativas como el impulso del conocimiento colectivo &#8211; a trav\u00e9s de la herramienta Seasalt -, o el aprendizaje experiencial a trav\u00e9s de la simulaci\u00f3n virtual de la plataforma Simoons. As\u00ed como liderando activamente iniciativas formativas en colaboraci\u00f3n con los departamentos de docencia de m\u00e1s de 30 hospitales. <\/p>\n\n\n\n<p>Participamos activamente organizando las&nbsp;Jornadas de Orientaci\u00f3n Profesional Post-Residencia que se imparten a los MIR, adhiri\u00e9ndolas al programa para explicarles las opciones laborales una vez finalicen la residencia. <\/p>\n<\/div>\n\n\n\n<div class=\"wp-block-column\" style=\"flex-basis:50%\">\n<figure class=\"wp-block-image size-large is-resized\"><img loading=\"lazy\" src=\"https:\/\/comunicasmas.com\/mutual-medica\/informe-sostenibilidad-2022\/wp-content\/uploads\/2023\/07\/iStock-1374010907-1024x742.jpg\" alt=\"\" class=\"wp-image-4364\" width=\"768\" height=\"557\"\/><\/figure>\n<\/div>\n<\/div>\n\n\n\n<figure class=\"wp-block-image size-full is-resized\"><img loading=\"lazy\" src=\"https:\/\/comunicasmas.com\/mutual-medica\/informe-sostenibilidad-2022\/wp-content\/uploads\/2023\/07\/cuidarme-1.png\" alt=\"\" class=\"wp-image-4208\" width=\"155\" height=\"34\" srcset=\"https:\/\/comunicasmas.com\/mutual-medica\/informe-sostenibilidad-2022\/wp-content\/uploads\/2023\/07\/cuidarme-1.png 428w, https:\/\/comunicasmas.com\/mutual-medica\/informe-sostenibilidad-2022\/wp-content\/uploads\/2023\/07\/cuidarme-1-300x67.png 300w\" sizes=\"(max-width: 155px) 100vw, 155px\" \/><\/figure>\n\n\n\n<div class=\"wp-block-columns\">\n<div class=\"wp-block-column\" style=\"flex-basis:50%\">\n<p>El programa se centra en velar por la salud del m\u00e9dico y por su bienestar, as\u00ed como concienciar al m\u00e9dico de la importancia de cuidarse. Articulando la actividad a trav\u00e9s de dos l\u00edneas de actuaci\u00f3n claves: el estudio de la salud del m\u00e9dico y la humanizaci\u00f3n de los centros hospitalarios.<\/p>\n\n\n\n<p>Contribuimos activamente en velar por el bienestar f\u00edsico y mental del colectivo, incorporando al programa iniciativas tales como el apoyo psicol\u00f3gico y los talleres para la salud mental, en colaboraci\u00f3n con la fundaci\u00f3n Galatea. <\/p>\n\n\n\n<p>Lideramos la formaci\u00f3n, la protecci\u00f3n y la respuesta frente a un fen\u00f3meno creciente en los \u00faltimos a\u00f1os: las agresiones a m\u00e9dicos. <\/p>\n\n\n\n<p>El programa contribuye activamente al bienestar de los m\u00e9dicos durante el desarrollo de su actividad, a trav\u00e9s de proyectos de humanizaci\u00f3n de espacios en los hospitales. Con una importante dotaci\u00f3n econ\u00f3mica anual, destinada a varios proyectos con impacto humano y en colaboraci\u00f3n con entidades de reconocido prestigio como la fundaci\u00f3n Aladina.<\/p>\n<\/div>\n\n\n\n<div class=\"wp-block-column\" style=\"flex-basis:50%\">\n<figure class=\"wp-block-image size-large is-resized\"><img loading=\"lazy\" src=\"https:\/\/comunicasmas.com\/mutual-medica\/informe-sostenibilidad-2022\/wp-content\/uploads\/2023\/07\/iStock-894125638-1024x683.jpg\" alt=\"\" class=\"wp-image-4361\" width=\"768\" height=\"512\"\/><\/figure>\n<\/div>\n<\/div>\n\n\n\n<figure class=\"wp-block-image size-full is-resized\"><img loading=\"lazy\" src=\"https:\/\/comunicasmas.com\/mutual-medica\/informe-sostenibilidad-2022\/wp-content\/uploads\/2023\/07\/concienciarme.png\" alt=\"\" class=\"wp-image-4209\" width=\"229\" height=\"34\"\/><\/figure>\n\n\n\n<div class=\"wp-block-columns\">\n<div class=\"wp-block-column\" style=\"flex-basis:50%\">\n<p>El programa con un eje solidario y con impacto social, destinado a concienciar al colectivo de m\u00e9dicos de su capacidad de impacto positivo, as\u00ed como a fomentar la solidaridad y la colaboraci\u00f3n entre m\u00e9dicos, especialmente en momentos de vulnerabilidad. <\/p>\n\n\n\n<p>Una concienciaci\u00f3n que el programa tangibiliza a trav\u00e9s de iniciativas orientadas a velar por la calidad de vida, la plena autonom\u00eda y la seguridad del m\u00e9dico y fomentando el esp\u00edritu solidario entre el colectivo: \u201cSomos m\u00e9dicos ayudando a m\u00e9dicos\u201d.<\/p>\n<\/div>\n\n\n\n<div class=\"wp-block-column\" style=\"flex-basis:50%\">\n<figure class=\"wp-block-image size-large is-resized\"><img loading=\"lazy\" src=\"https:\/\/comunicasmas.com\/mutual-medica\/informe-sostenibilidad-2022\/wp-content\/uploads\/2023\/07\/iStock-1437830105-1-1024x742.jpg\" alt=\"\" class=\"wp-image-4678\" width=\"768\" height=\"557\"\/><\/figure>\n<\/div>\n<\/div>\n\n\n\n<p id=\"accion-social\"><\/p>\n\n\n\n<h2>Acci\u00f3n social<\/h2>\n\n\n\n<h3>Acciones solidarias<\/h3>\n\n\n\n<p>Sentimos un gran compromiso con la comunidad que nos rodea. Es por ello que intentamos aportar nuestro granito de arena con peque\u00f1as acciones que significan mucho para aquel que las recibe.<\/p>\n\n\n\n<h5>Apoyo a startups<\/h5>\n\n\n\n<p>Acompa\u00f1amiento de startups tecnol\u00f3gicas en su nacimiento a trav\u00e9s del proyecto Insurhub, un proyecto que cuenta con la participaci\u00f3n de distintas mutualidades junto a una entidad aceleradora de startups.<\/p>\n\n\n\n<h5>Apoyo al Proyecto \u201crosas solidarias\u201d del Hospital Sant Joan de D\u00e9u <\/h5>\n\n\n\n<p>Cada a\u00f1o la entidad obsequia a sus trabajadores con una rosa virtual. Los beneficios se destinan a mejorar la vida de las personas m\u00e1s necesitadas y vulnerables.<\/p>\n\n\n\n<h5>Donaci\u00f3n de equipos tecnol\u00f3gicos<\/h5>\n\n\n\n<p>Hacemos una donaci\u00f3n anual de equipos tecnol\u00f3gicos de segunda mano a la poblaci\u00f3n m\u00e1s desfavorecida econ\u00f3micamente y con pocos recursos inform\u00e1ticos.<\/p>\n\n\n\n<h5>Juntos, cooperamos seguros<\/h5>\n\n\n\n<p>La cooperaci\u00f3n solidaria entre m\u00e9dicos es la base de Mutual M\u00e9dica. Tambi\u00e9n, y especialmente, cuando se trata de ayudar a los m\u00e9dicos cooperantes en proyectos de voluntariado, all\u00ed adonde est\u00e9n prestando su ayuda.<\/p>\n\n\n\n<p>Como m\u00e9dico cooperante, dispones directamente de un seguro especial sin coste que te protege en esta etapa de voluntariado.<\/p>\n\n\n\n<h3>Acciones de asociaci\u00f3n<\/h3>\n\n\n\n<p>Por \u00faltimo, participamos activamente en diversas agrupaciones de mutualidades de previsi\u00f3n social. A trav\u00e9s de ellas, impulsamos propuestas a las Administraciones en beneficio del mutualista, a escala nacional y europea:<\/p>\n\n\n\n<h5>Confederaci\u00f3n Espa\u00f1ola de Mutualidades de Previsi\u00f3n Social (CNEPS)<\/h5>\n\n\n\n<p>Es el m\u00e1ximo \u00f3rgano de representaci\u00f3n del Mutualismo de Previsi\u00f3n Social en Espa\u00f1a y ejerce la defensa y fomento de los intereses del Mutualismo de Previsi\u00f3n Social. Actualmente representa a m\u00e1s de 200 mutualidades pertenecientes a distintos sectores profesionales.<\/p>\n\n\n\n<h5>Association of Mutual Insurers and Insurance Cooperatives in Europe (AMICE)<\/h5>\n\n\n\n<p>Defiende un trato adecuado y justo para todas las mutuas y cooperativas de seguros de Europa, independientemente de su tama\u00f1o. Constituye una plataforma para que las entidades compartan recursos y conocimientos, intercambien experiencias y debatan cuestiones y preocupaciones clave relacionadas con los cambios legislativos y reglamentarios de la Uni\u00f3n Europea.<\/p>\n","protected":false},"excerpt":{"rendered":"<p>Reinversi\u00f3n en el colectivo m\u00e9dico a trav\u00e9s de los programas de la Fundaci\u00f3n Mutual M\u00e9dica Si es importante para el m\u00e9dico, es un compromiso para nosotros. Bajo esta premisa la Fundaci\u00f3n Mutual M\u00e9dica reinvierte en el bienestar del m\u00e9dico, cumpliendo as\u00ed el precepto de \u201cnuestro beneficio, es tuyo\u201d. En la Fundaci\u00f3n Mutual M\u00e9dica centramos nuestra [&hellip;]<\/p>\n","protected":false},"author":1,"featured_media":4469,"parent":0,"menu_order":0,"comment_status":"closed","ping_status":"closed","template":"","meta":{"_et_pb_use_builder":"on","_et_pb_old_content":"<!-- wp:paragraph -->\n<p id=\"reinversion-en-el-colectivo-medico\"><\/p>\n<!-- \/wp:paragraph -->\n\n<!-- wp:heading -->\n<h2>Reinversi\u00f3n en el colectivo m\u00e9dico a trav\u00e9s de los programas de la Fundaci\u00f3n Mutual M\u00e9dica<\/h2>\n<!-- \/wp:heading -->\n\n<!-- wp:columns -->\n<div class=\"wp-block-columns\"><!-- wp:column {\"width\":\"50%\"} -->\n<div class=\"wp-block-column\" style=\"flex-basis:50%\"><!-- wp:paragraph -->\n<p>Si es importante para el m\u00e9dico, es un compromiso para nosotros. Bajo esta premisa la Fundaci\u00f3n Mutual M\u00e9dica reinvierte en el bienestar del m\u00e9dico, cumpliendo as\u00ed el precepto de \u201cnuestro beneficio, es tuyo\u201d. <\/p>\n<!-- \/wp:paragraph -->\n\n<!-- wp:paragraph -->\n<p>En la Fundaci\u00f3n Mutual M\u00e9dica centramos nuestra misi\u00f3n en la b\u00fasqueda permanente del bienestar del m\u00e9dico, tanto en el \u00e1mbito personal como en su crecimiento profesional, fundament\u00e1ndola en los pilares de la formaci\u00f3n y la salud.<\/p>\n<!-- \/wp:paragraph --><\/div>\n<!-- \/wp:column -->\n\n<!-- wp:column {\"width\":\"50%\"} -->\n<div class=\"wp-block-column\" style=\"flex-basis:50%\"><!-- wp:image {\"align\":\"center\",\"width\":322,\"height\":163} -->\n<div class=\"wp-block-image\"><figure class=\"aligncenter is-resized\"><img src=\"https:\/\/www.comcantabria.es\/wp-content\/uploads\/2022\/07\/foto-F.-Mutual-M%C3%A9dica.png\" alt=\"\" width=\"322\" height=\"163\"\/><\/figure><\/div>\n<!-- \/wp:image --><\/div>\n<!-- \/wp:column --><\/div>\n<!-- \/wp:columns -->\n\n<!-- wp:paragraph -->\n<p>Esta misi\u00f3n se basa en los valores de <strong>especializaci\u00f3n<\/strong>, <strong>innovaci\u00f3n<\/strong> y <strong>salud<\/strong>, tan propios del colectivo m\u00e9dico, y act\u00faa con la visi\u00f3n de ser la entidad de referencia para canalizar el bienestar del m\u00e9dico, m\u00e1s all\u00e1 de las administraciones p\u00fablicas. Buscamos, de este modo, dar respuesta a los nuevos retos a los que se enfrentan los profesionales en materia de investigaci\u00f3n, una formaci\u00f3n de excelencia, educaci\u00f3n y preservaci\u00f3n de su salud.<\/p>\n<!-- \/wp:paragraph -->\n\n<!-- wp:paragraph -->\n<p>A lo largo del 2022, la Fundaci\u00f3n ha creado nuevos proyectos entorno a tres programas que influyen en la calidad de vida del m\u00e9dico: Impulsar(Me), Cuidar(Me) y Concienciar(Me).<\/p>\n<!-- \/wp:paragraph -->\n\n<!-- wp:image {\"id\":4206,\"width\":159,\"height\":34,\"sizeSlug\":\"full\",\"linkDestination\":\"none\"} -->\n<figure class=\"wp-block-image size-full is-resized\"><img src=\"https:\/\/comunicasmas.com\/mutual-medica\/informe-sostenibilidad-2022\/wp-content\/uploads\/2023\/07\/impulsarme.png\" alt=\"\" class=\"wp-image-4206\" width=\"159\" height=\"34\"\/><\/figure>\n<!-- \/wp:image -->\n\n<!-- wp:columns -->\n<div class=\"wp-block-columns\"><!-- wp:column {\"width\":\"50%\"} -->\n<div class=\"wp-block-column\" style=\"flex-basis:50%\"><!-- wp:paragraph -->\n<p>El programa destinado para impulsar a los m\u00e9dicos en su formaci\u00f3n y en la investigaci\u00f3n en todas las etapas de su vida profesional. Con especial atenci\u00f3n en promover e impulsar el desarrollo tanto del profesional m\u00e9dico como de la profesi\u00f3n.&nbsp;<\/p>\n<!-- \/wp:paragraph -->\n\n<!-- wp:paragraph -->\n<p>El programa despliega todo su sentido en la etapa de formaci\u00f3n de nuevos m\u00e9dicos, y en el especial imp\u00e1s hacia la vida laboral, con iniciativas y apoyos a la formaci\u00f3n, premiando sus aptitudes en investigaci\u00f3n y ofreciendo orientaci\u00f3n post-acad\u00e9mica a los j\u00f3venes estudiantes.<\/p>\n<!-- \/wp:paragraph -->\n\n<!-- wp:paragraph -->\n<p>Lideramos la formaci\u00f3n continua y capacitaci\u00f3n de los m\u00e9dicos, incorporando al programa innovadoras iniciativas como el impulso del conocimiento colectivo - a trav\u00e9s de la herramienta Seasalt -, o el aprendizaje experiencial a trav\u00e9s de la simulaci\u00f3n virtual de la plataforma Simoons. As\u00ed como liderando activamente iniciativas formativas en colaboraci\u00f3n con los departamentos de docencia de m\u00e1s de 30 hospitales. <\/p>\n<!-- \/wp:paragraph -->\n\n<!-- wp:paragraph -->\n<p>Participamos activamente organizando las&nbsp;Jornadas de Orientaci\u00f3n Profesional Post-Residencia que se imparten a los MIR, adhiri\u00e9ndolas al programa para explicarles las opciones laborales una vez finalicen la residencia. <\/p>\n<!-- \/wp:paragraph --><\/div>\n<!-- \/wp:column -->\n\n<!-- wp:column {\"width\":\"50%\"} -->\n<div class=\"wp-block-column\" style=\"flex-basis:50%\"><!-- wp:image {\"id\":4364,\"width\":396,\"height\":287,\"sizeSlug\":\"medium\",\"linkDestination\":\"none\"} -->\n<figure class=\"wp-block-image size-medium is-resized\"><img src=\"https:\/\/comunicasmas.com\/mutual-medica\/informe-sostenibilidad-2022\/wp-content\/uploads\/2023\/07\/iStock-1374010907-300x217.jpg\" alt=\"\" class=\"wp-image-4364\" width=\"396\" height=\"287\"\/><\/figure>\n<!-- \/wp:image --><\/div>\n<!-- \/wp:column --><\/div>\n<!-- \/wp:columns -->\n\n<!-- wp:image {\"id\":4208,\"width\":155,\"height\":34,\"sizeSlug\":\"full\",\"linkDestination\":\"none\"} -->\n<figure class=\"wp-block-image size-full is-resized\"><img src=\"https:\/\/comunicasmas.com\/mutual-medica\/informe-sostenibilidad-2022\/wp-content\/uploads\/2023\/07\/cuidarme-1.png\" alt=\"\" class=\"wp-image-4208\" width=\"155\" height=\"34\"\/><\/figure>\n<!-- \/wp:image -->\n\n<!-- wp:columns -->\n<div class=\"wp-block-columns\"><!-- wp:column {\"width\":\"50%\"} -->\n<div class=\"wp-block-column\" style=\"flex-basis:50%\"><!-- wp:paragraph -->\n<p>El programa se centra en velar por la salud del m\u00e9dico y por su bienestar, as\u00ed como concienciar al m\u00e9dico de la importancia de cuidarse. Articulando la actividad a trav\u00e9s de dos l\u00edneas de actuaci\u00f3n claves: el estudio de la salud del m\u00e9dico y la humanizaci\u00f3n de los centros hospitalarios.<\/p>\n<!-- \/wp:paragraph -->\n\n<!-- wp:paragraph -->\n<p>Contribuimos activamente en velar por el bienestar f\u00edsico y mental del colectivo, incorporando al programa iniciativas tales como el apoyo psicol\u00f3gico y los talleres para la salud mental, en colaboraci\u00f3n con la fundaci\u00f3n Galatea. <\/p>\n<!-- \/wp:paragraph -->\n\n<!-- wp:paragraph -->\n<p>Lideramos la formaci\u00f3n, la protecci\u00f3n y la respuesta frente a un fen\u00f3meno creciente en los \u00faltimos a\u00f1os: las agresiones a m\u00e9dicos. <\/p>\n<!-- \/wp:paragraph -->\n\n<!-- wp:paragraph -->\n<p>El programa contribuye activamente al bienestar de los m\u00e9dicos durante el desarrollo de su actividad, a trav\u00e9s de proyectos de humanizaci\u00f3n de espacios en los hospitales. Con una importante dotaci\u00f3n econ\u00f3mica anual, destinada a varios proyectos con impacto humano y en colaboraci\u00f3n con entidades de reconocido prestigio como la fundaci\u00f3n Aladina.<\/p>\n<!-- \/wp:paragraph --><\/div>\n<!-- \/wp:column -->\n\n<!-- wp:column {\"width\":\"50%\"} -->\n<div class=\"wp-block-column\" style=\"flex-basis:50%\"><!-- wp:image {\"id\":4361,\"width\":396,\"height\":264,\"sizeSlug\":\"medium\",\"linkDestination\":\"none\"} -->\n<figure class=\"wp-block-image size-medium is-resized\"><img src=\"https:\/\/comunicasmas.com\/mutual-medica\/informe-sostenibilidad-2022\/wp-content\/uploads\/2023\/07\/iStock-894125638-300x200.jpg\" alt=\"\" class=\"wp-image-4361\" width=\"396\" height=\"264\"\/><\/figure>\n<!-- \/wp:image --><\/div>\n<!-- \/wp:column --><\/div>\n<!-- \/wp:columns -->\n\n<!-- wp:image {\"id\":4209,\"width\":229,\"height\":34,\"sizeSlug\":\"full\",\"linkDestination\":\"none\"} -->\n<figure class=\"wp-block-image size-full is-resized\"><img src=\"https:\/\/comunicasmas.com\/mutual-medica\/informe-sostenibilidad-2022\/wp-content\/uploads\/2023\/07\/concienciarme.png\" alt=\"\" class=\"wp-image-4209\" width=\"229\" height=\"34\"\/><\/figure>\n<!-- \/wp:image -->\n\n<!-- wp:columns -->\n<div class=\"wp-block-columns\"><!-- wp:column {\"width\":\"50%\"} -->\n<div class=\"wp-block-column\" style=\"flex-basis:50%\"><!-- wp:paragraph -->\n<p>El programa con un eje solidario y con impacto social, destinado a concienciar al colectivo de m\u00e9dicos de su capacidad de impacto positivo, as\u00ed como a fomentar la solidaridad y la colaboraci\u00f3n entre m\u00e9dicos, especialmente en momentos de vulnerabilidad. <\/p>\n<!-- \/wp:paragraph -->\n\n<!-- wp:paragraph -->\n<p>Una concienciaci\u00f3n que el programa tangibilidad a trav\u00e9s de iniciativas orientadas a velar por la calidad de vida, la plena autonom\u00eda y la seguridad del m\u00e9dico y fomentando el esp\u00edritu solidario entre el colectivo: \u201cSomos m\u00e9dicos ayudando a m\u00e9dicos\u201d.<\/p>\n<!-- \/wp:paragraph --><\/div>\n<!-- \/wp:column -->\n\n<!-- wp:column {\"width\":\"50%\"} -->\n<div class=\"wp-block-column\" style=\"flex-basis:50%\"><!-- wp:image {\"id\":4372,\"width\":428,\"height\":205,\"sizeSlug\":\"medium\",\"linkDestination\":\"none\"} -->\n<figure class=\"wp-block-image size-medium is-resized\"><img src=\"https:\/\/comunicasmas.com\/mutual-medica\/informe-sostenibilidad-2022\/wp-content\/uploads\/2023\/07\/iStock-1437830105-300x144.jpg\" alt=\"\" class=\"wp-image-4372\" width=\"428\" height=\"205\"\/><\/figure>\n<!-- \/wp:image --><\/div>\n<!-- \/wp:column --><\/div>\n<!-- \/wp:columns -->\n\n<!-- wp:paragraph -->\n<p id=\"accion-social\"><\/p>\n<!-- \/wp:paragraph -->\n\n<!-- wp:heading -->\n<h2>Acci\u00f3n social<\/h2>\n<!-- \/wp:heading -->\n\n<!-- wp:heading {\"level\":3} -->\n<h3>Acciones solidarias<\/h3>\n<!-- \/wp:heading -->\n\n<!-- wp:paragraph -->\n<p>Sentimos un gran compromiso con la comunidad que nos rodea. Es por ello que intentamos aportar nuestro granito de arena con peque\u00f1as acciones que significan mucho para aquel que las recibe.<\/p>\n<!-- \/wp:paragraph -->\n\n<!-- wp:heading {\"level\":5} -->\n<h5>Apoyo a startups<\/h5>\n<!-- \/wp:heading -->\n\n<!-- wp:paragraph -->\n<p>Acompa\u00f1amiento de startups tecnol\u00f3gicas en su nacimiento a trav\u00e9s del proyecto Insurhub, un proyecto que cuenta con la participaci\u00f3n de distintas mutualidades junto a una entidad aceleradora de startups.<\/p>\n<!-- \/wp:paragraph -->\n\n<!-- wp:heading {\"level\":5} -->\n<h5>Apoyo al Proyecto \u201crosas solidarias\u201d del Hospital Sant Joan de D\u00e9u <\/h5>\n<!-- \/wp:heading -->\n\n<!-- wp:paragraph -->\n<p>Cada a\u00f1o la entidad obsequia a sus trabajadores con una rosa virtual. Los beneficios se dedican a acrecentar la vida de las personas m\u00e1s necesitadas y vulnerables.<\/p>\n<!-- \/wp:paragraph -->\n\n<!-- wp:heading {\"level\":5} -->\n<h5>Donaci\u00f3n de equipos tecnol\u00f3gicos<\/h5>\n<!-- \/wp:heading -->\n\n<!-- wp:paragraph -->\n<p>Hacemos una donaci\u00f3n anual de equipos tecnol\u00f3gicos de segunda mano a la poblaci\u00f3n m\u00e1s desfavorecida econ\u00f3micamente y con pocos recursos inform\u00e1ticos.<\/p>\n<!-- \/wp:paragraph -->\n\n<!-- wp:heading {\"level\":3} -->\n<h3>Acciones de asociaci\u00f3n<\/h3>\n<!-- \/wp:heading -->\n\n<!-- wp:paragraph -->\n<p>Por \u00faltimo, participamos activamente en diversas agrupaciones de mutualidades de previsi\u00f3n social. A trav\u00e9s de ellas, impulsamos propuestas a las Administraciones en beneficio del mutualista, a escala nacional y europea:<\/p>\n<!-- \/wp:paragraph -->\n\n<!-- wp:heading {\"level\":5} -->\n<h5>Confederaci\u00f3n Espa\u00f1ola de Mutualidades de Previsi\u00f3n Social (CNEPS)<\/h5>\n<!-- \/wp:heading -->\n\n<!-- wp:paragraph -->\n<p>Es el m\u00e1ximo \u00f3rgano de representaci\u00f3n del Mutualismo de Previsi\u00f3n Social en Espa\u00f1a y ejerce la defensa y fomento de los intereses del Mutualismo de Previsi\u00f3n Social. Actualmente representa a m\u00e1s de 200 mutualidades pertenecientes a distintos sectores profesionales.<\/p>\n<!-- \/wp:paragraph -->\n\n<!-- wp:heading {\"level\":5} -->\n<h5>Association of Mutual Insurers and Insurance Cooperatives in Europe (AMICE)<\/h5>\n<!-- \/wp:heading -->\n\n<!-- wp:paragraph -->\n<p>Defiende un trato adecuado y justo para todas las mutuas y cooperativas de seguros de Europa, independientemente de su tama\u00f1o. Constituye una plataforma para que las entidades compartan recursos y conocimientos, intercambien experiencias y debatan cuestiones y preocupaciones clave relacionadas con los cambios legislativos y reglamentarios de la Uni\u00f3n Europea.<\/p>\n<!-- \/wp:paragraph -->","_et_gb_content_width":""},"_links":{"self":[{"href":"https:\/\/comunicasmas.com\/mutual-medica\/informe-sostenibilidad-2022\/wp-json\/wp\/v2\/pages\/4204"}],"collection":[{"href":"https:\/\/comunicasmas.com\/mutual-medica\/informe-sostenibilidad-2022\/wp-json\/wp\/v2\/pages"}],"about":[{"href":"https:\/\/comunicasmas.com\/mutual-medica\/informe-sostenibilidad-2022\/wp-json\/wp\/v2\/types\/page"}],"author":[{"embeddable":true,"href":"https:\/\/comunicasmas.com\/mutual-medica\/informe-sostenibilidad-2022\/wp-json\/wp\/v2\/users\/1"}],"replies":[{"embeddable":true,"href":"https:\/\/comunicasmas.com\/mutual-medica\/informe-sostenibilidad-2022\/wp-json\/wp\/v2\/comments?post=4204"}],"version-history":[{"count":44,"href":"https:\/\/comunicasmas.com\/mutual-medica\/informe-sostenibilidad-2022\/wp-json\/wp\/v2\/pages\/4204\/revisions"}],"predecessor-version":[{"id":5266,"href":"https:\/\/comunicasmas.com\/mutual-medica\/informe-sostenibilidad-2022\/wp-json\/wp\/v2\/pages\/4204\/revisions\/5266"}],"wp:featuredmedia":[{"embeddable":true,"href":"https:\/\/comunicasmas.com\/mutual-medica\/informe-sostenibilidad-2022\/wp-json\/wp\/v2\/media\/4469"}],"wp:attachment":[{"href":"https:\/\/comunicasmas.com\/mutual-medica\/informe-sostenibilidad-2022\/wp-json\/wp\/v2\/media?parent=4204"}],"curies":[{"name":"wp","href":"https:\/\/api.w.org\/{rel}","templated":true}]}}