{"id":3667,"date":"2023-06-16T07:40:42","date_gmt":"2023-06-16T07:40:42","guid":{"rendered":"https:\/\/informe-anual-2022.mutualmedica.com\/?page_id=3667"},"modified":"2023-06-23T09:41:07","modified_gmt":"2023-06-23T09:41:07","slug":"informe-de-secretaria-ca","status":"publish","type":"page","link":"https:\/\/informe-anual-2022.mutualmedica.com\/ca\/informe-de-secretaria-ca\/","title":{"rendered":"INFORME DE SECRETARIA"},"content":{"rendered":"\n<h2><strong>Informe de Secretaria<\/strong><\/h2>\n\n\n\n<p>Estimats mutualistes:<\/p>\n\n\n\n<p>L&#8217;objectiu d&#8217;aquest cap\u00edtol \u00e9s la presentaci\u00f3 i interpretaci\u00f3 dels principals indicadors el 2022, un any que ha resultat d&#8217;especial activitat per a Mutual M\u00e8dica en la nostra vocaci\u00f3 d&#8217;adaptar constantment els nostres productes i serveis per respondre a les necessitats reals del col\u00b7lectiu de mutualistes, tant a nivell professional com personal. El 2022 es van aprovar millores a les assegurances d&#8217;incapacitat per garantir una protecci\u00f3 m\u00e9s gran en casos de malaltia, entre moltes altres novetats que es detallen a continuaci\u00f3.<\/p>\n\n\n\n<p>Entre les fites de l&#8217;exercici, destaca tamb\u00e9 un nou increment en el nombre de mutualistes i la major diversitat en la seva composici\u00f3, amb una confian\u00e7a cada vegada m\u00e9s gran per part dels professionals m\u00e8dics m\u00e9s joves.<\/p>\n\n\n\n<h3><strong>Un col\u00b7lectiu m\u00e9s extens i divers<\/strong><\/h3>\n\n\n\n<p>A 31 de desembre de 2022, el col\u00b7lectiu de mutualistes es va situar en 82.109, xifra que suposa un increment del 8,5% respecte al tancament del 2021. Al llarg de l&#8217;any es van incorporar a Mutual M\u00e8dica 7.190 nous metges, un 22,78% de noves incorporacions m\u00e9s que el 2021. Tot aix\u00f2 ha suposat un augment del volum de quotes gestionat, que ha aconseguit els 147 milions d&#8217;euros.<\/p>\n\n\n\n<p>Un any m\u00e9s, es constata l&#8217;increment constant del nombre de dones al col\u00b7lectiu de mutualistes. El 2022, el 63% de les noves inscripcions van correspondre a dones, amb la qual cosa es consolida la seva majoria en el total de mutualistes: 53% de dones per sobre d&#8217;un 47% d&#8217;homes.<\/p>\n\n\n\n<h3 class=\"has-text-align-center\">Mutualistes per g\u00e8nere<\/h3>\n\n\n\n<figure class=\"wp-block-video w70 d\"><video autoplay muted src=\"https:\/\/informe-anual-2022.mutualmedica.com\/wp-content\/uploads\/2023\/06\/03-01-mutualistas-por-genero_CA-1.mp4\" playsinline><\/video><\/figure>\n\n\n\n<div class=\"wp-block-image m\"><figure class=\"aligncenter size-full\"><img loading=\"lazy\" width=\"1001\" height=\"1024\" src=\"https:\/\/informe-anual-2022.mutualmedica.com\/wp-content\/uploads\/2023\/06\/Distribucion-de-mutualistas-por-genero_movil-CA.jpg\" alt=\"\" class=\"wp-image-3917\" srcset=\"https:\/\/informe-anual-2022.mutualmedica.com\/wp-content\/uploads\/2023\/06\/Distribucion-de-mutualistas-por-genero_movil-CA.jpg 1001w, https:\/\/informe-anual-2022.mutualmedica.com\/wp-content\/uploads\/2023\/06\/Distribucion-de-mutualistas-por-genero_movil-CA-980x1003.jpg 980w, https:\/\/informe-anual-2022.mutualmedica.com\/wp-content\/uploads\/2023\/06\/Distribucion-de-mutualistas-por-genero_movil-CA-480x491.jpg 480w\" sizes=\"(min-width: 0px) and (max-width: 480px) 480px, (min-width: 481px) and (max-width: 980px) 980px, (min-width: 981px) 1001px, 100vw\" \/><\/figure><\/div>\n\n\n\n<p>Una altra tend\u00e8ncia dels darrers anys, que s&#8217;ha vist refermada en l&#8217;\u00faltim exercici, ha estat el rejoveniment del col\u00b7lectiu a conseq\u00fc\u00e8ncia de l&#8217;entrada de nous mutualistes.<\/p>\n\n\n\n<p>Despr\u00e9s de les noves incorporacions, l&#8217;edat mitjana dels m\u00e9s de 82.000 mutualistes al tancament del 2022 se situa en 45,78 anys, sensiblement inferior a la mitjana de 46,29 anys del 2021. En l&#8217;an\u00e0lisi per sexes, l&#8217;edat mitjana de les dones \u00e9s de 42 anys (42,5 anys el 2021) i la dels homes, de 50 anys (similar al 2021).<\/p>\n\n\n\n<p>Un altre aspecte rellevant \u00e9s l&#8217;increment, respecte a l&#8217;exercici anterior, de mutualistes que provenen de prov\u00edncies amb menor densitat de poblaci\u00f3, amb especial atenci\u00f3 a Val\u00e8ncia, Sevilla, Alacant i les regions insulars (Illes Balears i Las Palmas).<\/p>\n\n\n\n<p><\/p>\n\n\n\n<blockquote class=\"wp-block-quote\"><p><strong>Nous mutualistes a 31\/12\/2022: 7.190<\/strong><br><strong>Mitjana d&#8217;edat de 42 anys per a les dones i 50 anys per als hombrees, una mitjana total de 45,78 anys<\/strong><\/p><p><\/p><\/blockquote>\n\n\n\n<h3><strong>L&#8217;entitat asseguradora dels metges joves<\/strong><\/h3>\n\n\n\n<p>Els nous mutualistes mostren una gran confian\u00e7a en els plans asseguradors m\u00e9s complets de la nostra entitat. Aix\u00ed, el 61% d&#8217;ells han contractat l&#8217;asseguran\u00e7a Mutualista Jove (disponible fins als 35 anys), de la qual ja gaudeixen un total de 5.833 mutualistes despr\u00e9s de les 4.401 incorporacions de l&#8217;\u00faltim exercici.<\/p>\n\n\n\n<h3><strong>MEL, una alternativa consolidada al RETA<\/strong><\/h3>\n\n\n\n<p>Mantenint tamb\u00e9 la tend\u00e8ncia dels \u00faltims anys, la contractaci\u00f3 del producte Metge d&#8217;Exercici Lliure (MEL), alternatiu al RETA (R\u00e8gim Especial de Treballadors Aut\u00f2noms), ha experimentat un nou increment. El 2022, el MEL ha estat contractat pel 35,55% dels nous mutualistes. Amb aix\u00f2, a la fi del 2022, un total de 28.543 mutualistes tenen aquest producte, xifra que representa el 34,76% del total.<\/p>\n\n\n\n<figure class=\"wp-block-video w70 d\"><video autoplay muted src=\"https:\/\/informe-anual-2022.mutualmedica.com\/wp-content\/uploads\/2023\/06\/03-02-distribucion_CA.mp4\" playsinline><\/video><\/figure>\n\n\n\n<div class=\"wp-block-image m\"><figure class=\"aligncenter size-full\"><img loading=\"lazy\" width=\"947\" height=\"1024\" src=\"https:\/\/informe-anual-2022.mutualmedica.com\/wp-content\/uploads\/2023\/06\/Distribucion-mutualistas-2022_movil_CA.jpg\" alt=\"\" class=\"wp-image-3919\" srcset=\"https:\/\/informe-anual-2022.mutualmedica.com\/wp-content\/uploads\/2023\/06\/Distribucion-mutualistas-2022_movil_CA.jpg 947w, https:\/\/informe-anual-2022.mutualmedica.com\/wp-content\/uploads\/2023\/06\/Distribucion-mutualistas-2022_movil_CA-480x519.jpg 480w\" sizes=\"(min-width: 0px) and (max-width: 480px) 480px, (min-width: 481px) 947px, 100vw\" \/><\/figure><\/div>\n\n\n\n<h4 class=\"has-text-align-center\">Evoluci\u00f3 de mutualistes amb MEL<\/h4>\n\n\n\n<figure class=\"wp-block-video w70 d\"><video autoplay muted src=\"https:\/\/informe-anual-2022.mutualmedica.com\/wp-content\/uploads\/2023\/05\/03-03-evolucion-mutualistas-mel.mp4\" playsinline><\/video><\/figure>\n\n\n\n<figure class=\"wp-block-image size-large m\"><img loading=\"lazy\" width=\"1024\" height=\"593\" src=\"https:\/\/informe-anual-2022.mutualmedica.com\/wp-content\/uploads\/2023\/05\/Evolucion-mutualistas-con-el-MEL-1024x593.jpg\" alt=\"\" class=\"wp-image-2754\" srcset=\"https:\/\/informe-anual-2022.mutualmedica.com\/wp-content\/uploads\/2023\/05\/Evolucion-mutualistas-con-el-MEL-980x568.jpg 980w, https:\/\/informe-anual-2022.mutualmedica.com\/wp-content\/uploads\/2023\/05\/Evolucion-mutualistas-con-el-MEL-480x278.jpg 480w\" sizes=\"(min-width: 0px) and (max-width: 480px) 480px, (min-width: 481px) and (max-width: 980px) 980px, (min-width: 981px) 1024px, 100vw\" \/><\/figure>\n\n\n\n<p>Cal recordar que el producte MEL ofereix cobertura en cas d&#8217;Incapacitat temporal (baixa laboral) i Incapacitat Permanent i Absoluta (invalidesa); a m\u00e9s de Depend\u00e8ncia, i Vida i Jubilaci\u00f3. Les seves condicions poden variar en funci\u00f3 de l&#8217;edat de contractaci\u00f3. Mitjan\u00e7ant aquest producte, Mutual M\u00e8dica treballa perqu\u00e8 el benestar del metge es vegi m\u00ednimament afectat en cas de malaltia, depend\u00e8ncia o a partir del moment de la seva jubilaci\u00f3.<\/p>\n\n\n\n<h3><strong>Cobertures de jubilaci\u00f3, cada cop m\u00e9s necess\u00e0ries<\/strong><\/h3>\n\n\n\n<p>El 2022 tamb\u00e9 s&#8217;ha registrat un increment de la contractaci\u00f3 de les cobertures de jubilaci\u00f3, que creix un 10% respecte al 2021. Aquest fet reflecteix la major conscienciaci\u00f3 del col\u00b7lectiu de mutualistes sobre la necessitat de comptar amb una bona cobertura despr\u00e9s de la seva jubilaci\u00f3 per garantir un nivell adequat d&#8217;ingressos.<\/p>\n\n\n\n<p>Al tancament de l&#8217;exercici, 71.000 mutualistes (86% del total) compten amb una asseguran\u00e7a de jubilaci\u00f3, un 10% m\u00e9s que en finalitzar el 2021.<\/p>\n\n\n\n<h4 class=\"has-text-align-center\">Evoluci\u00f3 de mutualistes amb la cobertura de jubilaci\u00f3<\/h4>\n\n\n\n<figure class=\"wp-block-video w70 d\"><video autoplay muted src=\"https:\/\/informe-anual-2022.mutualmedica.com\/wp-content\/uploads\/2023\/05\/03-04-evolucion-mutualistas-jubilacion.mp4\" playsinline><\/video><\/figure>\n\n\n\n<figure class=\"wp-block-image size-large m\"><img loading=\"lazy\" width=\"1024\" height=\"558\" src=\"https:\/\/informe-anual-2022.mutualmedica.com\/wp-content\/uploads\/2023\/05\/Evolucion-mutualistas-con-la-cobertura-1024x558.jpg\" alt=\"\" class=\"wp-image-2757\" srcset=\"https:\/\/informe-anual-2022.mutualmedica.com\/wp-content\/uploads\/2023\/05\/Evolucion-mutualistas-con-la-cobertura-980x534.jpg 980w, https:\/\/informe-anual-2022.mutualmedica.com\/wp-content\/uploads\/2023\/05\/Evolucion-mutualistas-con-la-cobertura-480x262.jpg 480w\" sizes=\"(min-width: 0px) and (max-width: 480px) 480px, (min-width: 481px) and (max-width: 980px) 980px, (min-width: 981px) 1024px, 100vw\" \/><\/figure>\n\n\n\n<h3><strong>Cobertures vinculades a la salut mental<\/strong><\/h3>\n\n\n\n<p>Malgrat considerar-se el 2022 com l&#8217;any de la \u201ctornada a la normalitat\u201d despr\u00e9s de la pand\u00e8mia, l&#8217;impacte del coronavirus va ser encara molt rellevant durant el primer semestre de l&#8217;any, en qu\u00e8 vam rebre un volum important de sol\u00b7licituds de prestaci\u00f3 per a incapacitats derivades de la COVID-19. A partir de l&#8217;agost, el nombre de sol\u00b7licituds va anar disminuint de manera significativa.<\/p>\n\n\n\n<p>Per contra, al llarg de l&#8217;any s&#8217;ha anat registrant un increment progressiu de les sol\u00b7licituds de prestaci\u00f3 per cobrir les incapacitats derivades de trastorns i malalties mentals. Per aquest motiu i en compliment del nostre comprom\u00eds de millora cont\u00ednua de les cobertures als metges, l&#8217;Assemblea General de juny del 2022 va aprovar cobrir la incapacitat temporal derivada de malalties mentals i aquelles entitats nosol\u00f2giques en les quals no existeixi mitj\u00e0 diagn\u00f2stic que permeti resultats objectius o patognom\u00f2nics. Aquesta cobertura compta amb una limitaci\u00f3 de 90 dies per anualitat en cada proc\u00e9s, amb un m\u00e0xim de tres processos durant la vida del mutualista. Fins a l&#8217;aprovaci\u00f3 d&#8217;aquesta nova prestaci\u00f3, aquestes patologies es cobrien \u00fanicament quan produ\u00efen una IPA (Incapacitat Permanent i Absoluta).<\/p>\n\n\n\n<p>La inclusi\u00f3 de la cobertura de salut mental sota aquestes condicions \u00e9s una iniciativa pionera de Mutual M\u00e8dica, que sorgeix com a resposta de l&#8217;entitat a una de les preocupacions dels professionals m\u00e8dics en l&#8217;actualitat. Amb la r\u00e0pida integraci\u00f3 d&#8217;aquesta mesura, fem un nou pas endavant en la nostra missi\u00f3 d&#8217;acompanyar els metges durant tota la seva carrera professional i en tots els seus aspectes vitals. Finalment, l&#8217;Assemblea General tamb\u00e9 va aprovar ampliar la cobertura per perm\u00eds de paternitat de 5 a 16 setmanes.<\/p>\n\n\n\n<p>Aquestes noves cobertures no suposen un augment de primes per als mutualistes.<\/p>\n\n\n\n<h3><strong>Evoluci\u00f3 d&#8217;expedients tramitats<\/strong><\/h3>\n\n\n\n<p>El principal comprom\u00eds de Mutual M\u00e8dica amb els mutualistes \u00e9s cobrir les prestacions que tenen contractades amb l&#8217;entitat. El 2022 s&#8217;han tramitat 14.861 expedients, un 37% m\u00e9s que l&#8217;any anterior. El 80% van correspondre a expedients de prestacions de No Vida i el 20% restant, a assegurances de Vida i Estalvi.<\/p>\n\n\n\n<ul><li><strong>Expedients de Vida:<\/strong> 2.931<\/li><\/ul>\n\n\n\n<ul><li><strong>Expedients de No Vida:<\/strong> 11.930 (inclou assegurances de 30 Primers Dies, Invalidesa i Gu\u00e0rdies)<ul><li>Relacionats amb la COVID-19: 5.210<\/li><li>Perm\u00eds de maternitat: 622<\/li><li>Permisos paternals: 408<\/li><li>Riscos de l&#8217;embar\u00e0s: 295<\/li><li>Altres: 5.395*<\/li><\/ul><\/li><\/ul>\n\n\n\n<figure class=\"wp-block-video w70 d\"><video autoplay muted src=\"https:\/\/informe-anual-2022.mutualmedica.com\/wp-content\/uploads\/2023\/06\/03-05-expedientes-2022_CA.mp4\" playsinline><\/video><\/figure>\n\n\n\n<div class=\"wp-block-image m\"><figure class=\"aligncenter size-full\"><img loading=\"lazy\" width=\"893\" height=\"1024\" src=\"https:\/\/informe-anual-2022.mutualmedica.com\/wp-content\/uploads\/2023\/06\/03-05-expedientes-incapacidad_CA.jpg\" alt=\"\" class=\"wp-image-3921\" srcset=\"https:\/\/informe-anual-2022.mutualmedica.com\/wp-content\/uploads\/2023\/06\/03-05-expedientes-incapacidad_CA.jpg 893w, https:\/\/informe-anual-2022.mutualmedica.com\/wp-content\/uploads\/2023\/06\/03-05-expedientes-incapacidad_CA-480x550.jpg 480w\" sizes=\"(min-width: 0px) and (max-width: 480px) 480px, (min-width: 481px) 893px, 100vw\" \/><\/figure><\/div>\n\n\n\n<p>*S&#8217;han tramitat 1.053 expedients de l&#8217;Asseguran\u00e7a de Gu\u00e0rdies-Incapacitat temporal; m\u00e9s d&#8217;un 75% d&#8217;ells corresponen a expedients de metges de menys de 36 anys. Aquesta asseguran\u00e7a forma part de les cobertures del Mutualista Jove.<\/p>\n\n\n\n<h3><strong>Prestacions pagades<\/strong><\/h3>\n\n\n\n<p>L&#8217;import de les prestacions pagades durant l&#8217;exercici 2022 va assolir els 37,4 milions d&#8217;euros, un 33% m\u00e9s que l&#8217;any anterior. Un 33% d&#8217;aquest import correspon a pagaments de prestacions de No Vida i un 67%, a pagaments de capitals (assegurances de Vida i Estalvi).<\/p>\n\n\n\n<ul><li>Prestacions pagades de Vida: 25,2 milions<ul><li>Jubilaci\u00f3: 11,9 milions (47% de les prestacions de Vida)<\/li><li>SAI: 9,5 milions (38%)<\/li><li>Altres conting\u00e8ncies: 3,8 milions<\/li><\/ul><\/li><li>Prestacions pagades de No Vida: 12,2 milions (96,6% de prestacions derivades de l&#8217;Asseguran\u00e7a d&#8217;Invalidesa, 2,5% de pagaments de l&#8217;Asseguran\u00e7a de Gu\u00e0rdies i 0,9% d&#8217;altres assegurances).<\/li><\/ul>\n\n\n\n<p>Ha de comentar-se tamb\u00e9 que cada any s&#8217;incrementa el nombre de mutualistes que decideixen cobrar les seves assegurances de jubilaci\u00f3 en forma de renda (mensual o anual), la qual cosa els permet disposar d&#8217;uns ingressos regulars que complementen la seva pensi\u00f3 mensual i mantenir el nivell de vida previ a la jubilaci\u00f3, a m\u00e9s de beneficiar-se dels avantatges fiscals del cobrament en forma de renda.<\/p>\n\n\n\n<h3><strong>Avantatges addicionals als mutualistes<\/strong><\/h3>\n\n\n\n<p>Per\u00f2 el nostre comprom\u00eds amb els mutualistes va m\u00e9s enll\u00e0 del pagament d&#8217;aquestes prestacions. Aix\u00ed, Mutual M\u00e8dica ofereix un conjunt de prestacions socials en benefici de diversos col\u00b7lectius de mutualistes definides als estatuts de la mutualitat, entre les quals destaquem les seg\u00fcents:<\/p>\n\n\n\n<ul><li>Exoneraci\u00f3 del pagament de les primes de les assegurances que tinguin contractades els metges de m\u00e9s de 90 anys.<\/li><li>Premi a la natalitat als mutualistes que hagin tingut un fill. El 2022, 474 mutualistes van poder gaudir del pagament de 150 euros per fill i la contractaci\u00f3 de l&#8217;Asseguran\u00e7a d&#8217;Orfenesa gratu\u00efta el primer any.\u00a0<\/li><li>Assegurances gratu\u00eftes d&#8217;assist\u00e8ncia en viatge i d&#8217;agressions (desenvolupat al punt seg\u00fcent).<\/li><li>A l&#8217;Assemblea General de juny del 2022 es va aprovar una nova mesura que s&#8217;afegeix a les que ja s&#8217;oferien fins avui. Aquesta mesura consisteix en l&#8217;exoneraci\u00f3 del pagament de les primes de l&#8217;Asseguran\u00e7a d&#8217;Invalidesa als mutualistes amb Incapacitat Permanent i Absoluta a partir de la seg\u00fcent anualitat de la declaraci\u00f3 de la IPA. Aquestes primes seran abonades per Mutual M\u00e8dica a c\u00e0rrec de prestacions socials. Amb anterioritat a aquesta aprovaci\u00f3, l&#8217;exoneraci\u00f3 de primes s&#8217;aplicava a partir dels cinc anys d&#8217;obertura de l&#8217;expedient.<\/li><\/ul>\n\n\n\n<p>Com a fet rellevant, cal comentar tamb\u00e9 que, despr\u00e9s de l&#8217;aprovaci\u00f3 de l&#8217;Assemblea General de cobrir les incapacitats temporals derivades de patologies ps\u00edquiques i psiqui\u00e0triques (efecte a gener del 2023), es va recordar de manera excepcional valorar les sol\u00b7licituds de prestacions dels mutualistes derivades d&#8217;aquestes patologies que fossin sol\u00b7licitades a partir de l&#8217;Assemblea i donar-los cobertura aplicant els mateixos requisits i pautes.<\/p>\n\n\n\n<h3><strong>El nostre comprom\u00eds amb el col\u00b7lectiu m\u00e8dic<\/strong><\/h3>\n\n\n\n<p>Pel seu impacte en el col\u00b7lectiu m\u00e8dic, val la pena completar la informaci\u00f3 relativa a l&#8217;Asseguran\u00e7a d&#8217;Agressions. Al gener del 2022, Mutual M\u00e8dica va acordar ampliar la cobertura d&#8217;aquesta asseguran\u00e7a a tots els metges que exerceixen i estan col\u00b7legiats a Espanya. La xacra de les agressions f\u00edsiques i els insults i amenaces que reben alguns professionals obliga la mutualitat a actuar amb proactivitat en favor del col\u00b7lectiu; per aix\u00f2, a trav\u00e9s de l&#8217;Asseguran\u00e7a d&#8217;Agressions, dona cobertura per incapacitat temporal en cas d&#8217;agressi\u00f3 a tots els metges.<\/p>\n\n\n\n<p>El 2022, un total d&#8217;11 metges han sol\u00b7licitat cobrir la incapacitat temporal per cas d&#8217;agressi\u00f3. Set d&#8217;aquests 11 metges agredits s\u00f3n mutualistes (cobertura doble per metge i mutualista):<\/p>\n\n\n\n<ul><li>Prestacions pagades per ser mutualistes: 5.150 \u20ac<\/li><li>Prestacions pagades per ser col\u00b7legiats: 7.400 \u20ac<\/li><\/ul>\n\n\n\n<p>Tamb\u00e9 hem ampliat les cobertures de l&#8217;<strong>asseguran\u00e7a per als metges cooperants<\/strong>, en reconeixement a la seva tasca de cooperaci\u00f3 i voluntariat altruista. Aquesta asseguran\u00e7a s&#8217;ofereix gratu\u00eftament als metges cooperants a trav\u00e9s de l&#8217;acord de col\u00b7laboraci\u00f3 entre la Fundaci\u00f3 per a la Cooperaci\u00f3 Internacional de l&#8217;OMC i Mutual M\u00e8dica. El 2022, un total de 274 metges han sol\u00b7licitat la contractaci\u00f3 de l&#8217;asseguran\u00e7a de metge cooperant.<\/p>\n\n\n\n<p>Cal ressenyar l&#8217;activitat del <strong>Servei d&#8217;Atenci\u00f3 al Client (SAC)<\/strong> en la seva tasca de recollir i resoldre les reclamacions dels mutualistes. Un total de tres mutualistes s&#8217;han dirigit al SAC durant el 2022, per\u00f2 \u00fanicament han estat tramitats dos dels casos per correspondre a veritables queixes o reclamacions. Tots dos van ser desestimats pel SAC, que va resoldre a favor de Mutual M\u00e8dica.<\/p>\n\n\n\n<p>La millora de productes i serveis per cuidar del metge durant tota la seva traject\u00f2ria professional i personal \u00e9s possible gr\u00e0cies al fet que, com a \u201cmutualitat de previsi\u00f3 social\u201d, Mutual M\u00e8dica reinverteix tots els seus beneficis en la renovaci\u00f3 de la seva oferta. Un any m\u00e9s, voldria agrair la confian\u00e7a que ens demostren els mutualistes, aix\u00ed com la professionalitat, transpar\u00e8ncia i capacitat de servei de tot l&#8217;equip de Mutual M\u00e8dica.<\/p>\n\n\n\n<p>Moltes gr\u00e0cies per ajudar-nos a continuar creixent en benefici de tots.<\/p>\n\n\n\n<p><\/p>\n\n\n\n<figure class=\"wp-block-image size-full is-resized fotoRounded is-style-rounded\"><img loading=\"lazy\" src=\"https:\/\/informe-anual-2022.mutualmedica.com\/wp-content\/uploads\/2022\/05\/Secretaria_Dra_M_Asuncion_Torrents2.jpg\" alt=\"\" class=\"wp-image-1462\" width=\"216\" height=\"216\"\/><\/figure>\n\n\n\n<figure class=\"wp-block-image size-large is-resized\"><img loading=\"lazy\" src=\"https:\/\/informe-anual-2022.mutualmedica.com\/wp-content\/uploads\/2022\/05\/SignaturaAssumcio-1024x630.jpg\" alt=\"\" class=\"wp-image-1453\" width=\"176\" height=\"108\"\/><\/figure>\n\n\n\n<p><strong>Dra. M. Asunci\u00f3n Torrents Fern\u00e1ndez<\/strong><br>Secret\u00e0ria del Consell d&#8217;Administraci\u00f3<\/p>\n\n\n\n<div style=\"height:50px\" aria-hidden=\"true\" class=\"wp-block-spacer\"><\/div>\n","protected":false},"excerpt":{"rendered":"<p>Informe de Secretaria Estimats mutualistes: L&#8217;objectiu d&#8217;aquest cap\u00edtol \u00e9s la presentaci\u00f3 i interpretaci\u00f3 dels principals indicadors el 2022, un any que ha resultat d&#8217;especial activitat per a Mutual M\u00e8dica en la nostra vocaci\u00f3 d&#8217;adaptar constantment els nostres productes i serveis per respondre a les necessitats reals del col\u00b7lectiu de mutualistes, tant a nivell professional com [&hellip;]<\/p>\n","protected":false},"author":1,"featured_media":3441,"parent":0,"menu_order":0,"comment_status":"closed","ping_status":"closed","template":"","meta":{"_et_pb_use_builder":"","_et_pb_old_content":"","_et_gb_content_width":""},"_links":{"self":[{"href":"https:\/\/informe-anual-2022.mutualmedica.com\/wp-json\/wp\/v2\/pages\/3667"}],"collection":[{"href":"https:\/\/informe-anual-2022.mutualmedica.com\/wp-json\/wp\/v2\/pages"}],"about":[{"href":"https:\/\/informe-anual-2022.mutualmedica.com\/wp-json\/wp\/v2\/types\/page"}],"author":[{"embeddable":true,"href":"https:\/\/informe-anual-2022.mutualmedica.com\/wp-json\/wp\/v2\/users\/1"}],"replies":[{"embeddable":true,"href":"https:\/\/informe-anual-2022.mutualmedica.com\/wp-json\/wp\/v2\/comments?post=3667"}],"version-history":[{"count":6,"href":"https:\/\/informe-anual-2022.mutualmedica.com\/wp-json\/wp\/v2\/pages\/3667\/revisions"}],"predecessor-version":[{"id":4055,"href":"https:\/\/informe-anual-2022.mutualmedica.com\/wp-json\/wp\/v2\/pages\/3667\/revisions\/4055"}],"wp:featuredmedia":[{"embeddable":true,"href":"https:\/\/informe-anual-2022.mutualmedica.com\/wp-json\/wp\/v2\/media\/3441"}],"wp:attachment":[{"href":"https:\/\/informe-anual-2022.mutualmedica.com\/wp-json\/wp\/v2\/media?parent=3667"}],"curies":[{"name":"wp","href":"https:\/\/api.w.org\/{rel}","templated":true}]}}