{"id":252,"date":"2022-04-12T09:18:45","date_gmt":"2022-04-12T09:18:45","guid":{"rendered":"https:\/\/informe-anual-2022.mutualmedica.com\/?page_id=252"},"modified":"2023-06-16T09:49:11","modified_gmt":"2023-06-16T09:49:11","slug":"vision-mision-y-valores-2","status":"publish","type":"page","link":"https:\/\/informe-anual-2022.mutualmedica.com\/es\/vision-mision-y-valores-2\/","title":{"rendered":"VISI\u00d3N, MISI\u00d3N  Y VALORES"},"content":{"rendered":"\n<div style=\"height:50px\" aria-hidden=\"true\" class=\"wp-block-spacer\"><\/div>\n\n\n\n<div class=\"wp-block-columns\">\n<div class=\"wp-block-column\">\n<h2>Visi\u00f3n<\/h2>\n\n\n\n<p>Ser la entidad aseguradora de confianza para todos los m\u00e9dicos.<\/p>\n\n\n\n<div style=\"height:50px\" aria-hidden=\"true\" class=\"wp-block-spacer\"><\/div>\n<\/div>\n\n\n\n<div class=\"wp-block-column\"><\/div>\n\n\n\n<div class=\"wp-block-column\">\n<h2>Misi\u00f3n<\/h2>\n\n\n\n<p>Asegurar a los m\u00e9dicos para que puedan ejercer su profesi\u00f3n con tranquilidad.<\/p>\n<\/div>\n<\/div>\n\n\n\n<div class=\"wp-block-columns\">\n<div class=\"wp-block-column\" style=\"flex-basis:33.33%\">\n<h2 class=\"no-margin\">Valores<\/h2>\n<\/div>\n\n\n\n<div class=\"wp-block-column\" style=\"flex-basis:66.66%\"><\/div>\n<\/div>\n\n\n\n<div class=\"wp-block-columns\">\n<div class=\"wp-block-column\">\n<h1 class=\"h1-mvv\" style=\"font-size:70px\">01.<\/h1>\n\n\n\n<h3 style=\"font-size:24px\">Eficiencia<\/h3>\n\n\n\n<p>Innovamos y optimizamos los recursos para obtener los resultados esperados. Cuestionamos lo establecido, valoramos el esfuerzo-efectividad. Dise\u00f1amos nuevos procesos para dar respuesta \u00e1gil a las necesidades de los m\u00e9dicos, proponiendo, acelerando y escalando soluciones de impacto positivo.<\/p>\n<\/div>\n\n\n\n<div class=\"wp-block-column\">\n<h1 class=\"h1-mvv\" style=\"font-size:70px\">02.<\/h1>\n\n\n\n<h3 style=\"font-size:24px\">Responsabilidad<\/h3>\n\n\n\n<p>Damos lo mejor de nosotros mismos, midiendo el impacto de nuestras acciones y evolucionando para aportar cada d\u00eda m\u00e1s valor. Asumimos objetivos y compromisos, evaluando aciertos y errores.<\/p>\n<\/div>\n\n\n\n<div class=\"wp-block-column\">\n<h1 class=\"h1-mvv\" style=\"font-size:70px\">03.<\/h1>\n\n\n\n<h3 style=\"font-size:24px\">Integridad<\/h3>\n\n\n\n<p>Nuestra responsabilidad: integramos el prop\u00f3sito en nuestras acciones diarias, reflejando en los hechos lo que promovemos con las palabras. Construimos relaciones s\u00f3lidas, constructivas, en pro del talento individual y colectivo, impulsado por la cooperaci\u00f3n.<\/p>\n<\/div>\n\n\n\n<div class=\"wp-block-column\">\n<h1 class=\"h1-mvv\" style=\"font-size:70px\">04.<\/h1>\n\n\n\n<h3 style=\"font-size:24px\">Compromiso<\/h3>\n\n\n\n<p>Con la solidaridad para mejorar la vida de los m\u00e9dicos, compa\u00f1eros, sociedad y planeta. Con los v\u00ednculos con los grupos de inter\u00e9s.<\/p>\n<\/div>\n<\/div>\n\n\n\n<div style=\"height:50px\" aria-hidden=\"true\" class=\"wp-block-spacer\"><\/div>\n","protected":false},"excerpt":{"rendered":"<p>Visi\u00f3n Ser la entidad aseguradora de confianza para todos los m\u00e9dicos. Misi\u00f3n Asegurar a los m\u00e9dicos para que puedan ejercer su profesi\u00f3n con tranquilidad. Valores 01. Eficiencia Innovamos y optimizamos los recursos para obtener los resultados esperados. Cuestionamos lo establecido, valoramos el esfuerzo-efectividad. Dise\u00f1amos nuevos procesos para dar respuesta \u00e1gil a las necesidades de los [&hellip;]<\/p>\n","protected":false},"author":1,"featured_media":3423,"parent":0,"menu_order":0,"comment_status":"closed","ping_status":"closed","template":"","meta":{"_et_pb_use_builder":"","_et_pb_old_content":"","_et_gb_content_width":""},"_links":{"self":[{"href":"https:\/\/informe-anual-2022.mutualmedica.com\/wp-json\/wp\/v2\/pages\/252"}],"collection":[{"href":"https:\/\/informe-anual-2022.mutualmedica.com\/wp-json\/wp\/v2\/pages"}],"about":[{"href":"https:\/\/informe-anual-2022.mutualmedica.com\/wp-json\/wp\/v2\/types\/page"}],"author":[{"embeddable":true,"href":"https:\/\/informe-anual-2022.mutualmedica.com\/wp-json\/wp\/v2\/users\/1"}],"replies":[{"embeddable":true,"href":"https:\/\/informe-anual-2022.mutualmedica.com\/wp-json\/wp\/v2\/comments?post=252"}],"version-history":[{"count":31,"href":"https:\/\/informe-anual-2022.mutualmedica.com\/wp-json\/wp\/v2\/pages\/252\/revisions"}],"predecessor-version":[{"id":4175,"href":"https:\/\/informe-anual-2022.mutualmedica.com\/wp-json\/wp\/v2\/pages\/252\/revisions\/4175"}],"wp:featuredmedia":[{"embeddable":true,"href":"https:\/\/informe-anual-2022.mutualmedica.com\/wp-json\/wp\/v2\/media\/3423"}],"wp:attachment":[{"href":"https:\/\/informe-anual-2022.mutualmedica.com\/wp-json\/wp\/v2\/media?parent=252"}],"curies":[{"name":"wp","href":"https:\/\/api.w.org\/{rel}","templated":true}]}}