{"id":250,"date":"2022-04-12T09:17:45","date_gmt":"2022-04-12T09:17:45","guid":{"rendered":"https:\/\/informe-anual-2022.mutualmedica.com\/?page_id=250"},"modified":"2023-06-20T13:22:14","modified_gmt":"2023-06-20T13:22:14","slug":"informe-de-secretaria","status":"publish","type":"page","link":"https:\/\/informe-anual-2022.mutualmedica.com\/es\/informe-de-secretaria\/","title":{"rendered":"INFORME DE SECRETAR\u00cdA"},"content":{"rendered":"\n<h2><strong>Informe de Secretar\u00eda<\/strong><\/h2>\n\n\n\n<p>Estimados mutualistas:<\/p>\n\n\n\n<p>El objetivo de este cap\u00edtulo es la presentaci\u00f3n e interpretaci\u00f3n de los principales indicadores en 2022, un a\u00f1o que ha resultado de especial actividad para Mutual M\u00e9dica en nuestra vocaci\u00f3n de adaptar constantemente nuestros productos y servicios para responder a las necesidades reales del colectivo de mutualistas, tanto a nivel profesional como personal. En 2022 se aprobaron mejoras en los seguros de incapacidad para garantizar una mayor protecci\u00f3n en casos de enfermedad, entre muchas otras novedades que se detallan a continuaci\u00f3n.<\/p>\n\n\n\n<p>Entre los hitos del ejercicio, destaca tambi\u00e9n un nuevo incremento en el n\u00famero de mutualistas y la mayor diversidad en su composici\u00f3n, con una confianza cada vez mayor por parte de los profesionales m\u00e9dicos m\u00e1s j\u00f3venes.<\/p>\n\n\n\n<h3><strong>Un colectivo m\u00e1s extenso y diverso<\/strong><\/h3>\n\n\n\n<p>A 31 de diciembre de 2022, el colectivo de mutualistas se situ\u00f3 en 82.109, lo que supone un incremento del 8,5% respecto al cierre de 2021. A lo largo del a\u00f1o, se incorporaron a Mutual M\u00e9dica 7.190 nuevos m\u00e9dicos, un 22,78% de nuevas incorporaciones m\u00e1s que en 2021. Todo ello ha supuesto un aumento del volumen de cuotas gestionado, que ha alcanzado los 147 millones de euros.<\/p>\n\n\n\n<p>Un a\u00f1o m\u00e1s, se constata el incremento constante del n\u00famero de mujeres en el colectivo de mutualistas. En 2022, el 63% de las nuevas inscripciones correspondi\u00f3 a mujeres, con lo que se consolida su mayor\u00eda en el total de mutualistas: 53% de mujeres sobre un 47% de hombres.<\/p>\n\n\n\n<h3 class=\"has-text-align-center\">Mutualistas por g\u00e9nero<\/h3>\n\n\n\n<figure class=\"wp-block-video w70 d\"><video autoplay muted src=\"https:\/\/informe-anual-2022.mutualmedica.com\/wp-content\/uploads\/2023\/05\/03-01-mutualistas-por-genero.mp4\" playsinline><\/video><\/figure>\n\n\n\n<div class=\"wp-block-image m\"><figure class=\"aligncenter size-large is-resized\"><img loading=\"lazy\" src=\"https:\/\/informe-anual-2022.mutualmedica.com\/wp-content\/uploads\/2023\/05\/Distribucion-de-mutualistas-por-genero_movil-1001x1024.jpg\" alt=\"\" class=\"wp-image-2747\" width=\"501\" height=\"512\"\/><\/figure><\/div>\n\n\n\n<p>Otra tendencia de los \u00faltimos a\u00f1os, que se ha visto reafirmada en el \u00faltimo ejercicio, ha sido el rejuvenecimiento del colectivo como consecuencia de la entrada de nuevos mutualistas.<\/p>\n\n\n\n<p>Tras las nuevas incorporaciones, la edad media de los m\u00e1s de 82.000 mutualistas al cierre de 2022 se sit\u00faa en 45,78 a\u00f1os, sensiblemente inferior a la media de 46,29 a\u00f1os de 2021. En el an\u00e1lisis por sexos, la edad media de las mujeres es de 42 a\u00f1os (42,5 a\u00f1os en 2021) y la de los hombres, de 50 a\u00f1os (similar a 2021).<\/p>\n\n\n\n<p>Otro aspecto relevante es el incremento, respecto al ejercicio anterior, de mutualistas que provienen de provincias con menor densidad de poblaci\u00f3n con especial atenci\u00f3n a Valencia, Sevilla, Alicante y las regiones insulares (Islas Baleares y Las Palmas).<\/p>\n\n\n\n<p><\/p>\n\n\n\n<blockquote class=\"wp-block-quote\"><p><strong>Nuevos mutualistas a 31\/12\/2022: 7.190<\/strong><br><strong>Media de edad de 42 a\u00f1os para las mujeres y 50 a\u00f1os para los hombres, una media total de 45,78 a\u00f1os<\/strong><\/p><p><\/p><\/blockquote>\n\n\n\n<h3><strong>La entidad aseguradora de los m\u00e9dicos j\u00f3venes<\/strong><\/h3>\n\n\n\n<p>Los nuevos mutualistas muestran una gran confianza en los planes aseguradores m\u00e1s completos de nuestra entidad. As\u00ed, el 61% de ellos ha contratado el seguro Mutualista Joven (disponible hasta los 35 a\u00f1os), del que ya disfrutan un total de 5.833 mutualistas tras las 4.401 incorporaciones del \u00faltimo ejercicio.<\/p>\n\n\n\n<h3><strong>MEL, una alternativa consolidada al RETA<\/strong><\/h3>\n\n\n\n<p>Manteniendo tambi\u00e9n la tendencia de los \u00faltimos a\u00f1os, la contrataci\u00f3n del producto M\u00e9dico de Ejercicio Libre (MEL), alternativo al RETA (R\u00e9gimen Especial de Trabajadores Aut\u00f3nomos), ha experimentado un nuevo incremento. En 2022, el MEL ha sido contratado por el 35,55% de los nuevos mutualistas. Con ello, a finales de 2022, un total de 28.543 mutualistas cuentan con este producto, representando el 34,76% del total. <\/p>\n\n\n\n<figure class=\"wp-block-video w70 d\"><video autoplay muted src=\"https:\/\/informe-anual-2022.mutualmedica.com\/wp-content\/uploads\/2023\/05\/03-02-distribucion.mp4\" playsinline><\/video><\/figure>\n\n\n\n<div class=\"wp-block-image m\"><figure class=\"aligncenter size-large is-resized\"><img loading=\"lazy\" src=\"https:\/\/informe-anual-2022.mutualmedica.com\/wp-content\/uploads\/2023\/05\/Distribucion-mutualistas-2022_movil-947x1024.jpg\" alt=\"\" class=\"wp-image-2756\" width=\"474\" height=\"512\"\/><\/figure><\/div>\n\n\n\n<h4 class=\"has-text-align-center\">Evoluci\u00f3n de mutualistas con MEL<\/h4>\n\n\n\n<figure class=\"wp-block-video w70 d\"><video autoplay muted src=\"https:\/\/informe-anual-2022.mutualmedica.com\/wp-content\/uploads\/2023\/05\/03-03-evolucion-mutualistas-mel.mp4\" playsinline><\/video><\/figure>\n\n\n\n<figure class=\"wp-block-image size-large m\"><img loading=\"lazy\" width=\"1024\" height=\"593\" src=\"https:\/\/informe-anual-2022.mutualmedica.com\/wp-content\/uploads\/2023\/05\/Evolucion-mutualistas-con-el-MEL-1024x593.jpg\" alt=\"\" class=\"wp-image-2754\" srcset=\"https:\/\/informe-anual-2022.mutualmedica.com\/wp-content\/uploads\/2023\/05\/Evolucion-mutualistas-con-el-MEL-980x568.jpg 980w, https:\/\/informe-anual-2022.mutualmedica.com\/wp-content\/uploads\/2023\/05\/Evolucion-mutualistas-con-el-MEL-480x278.jpg 480w\" sizes=\"(min-width: 0px) and (max-width: 480px) 480px, (min-width: 481px) and (max-width: 980px) 980px, (min-width: 981px) 1024px, 100vw\" \/><\/figure>\n\n\n\n<p>Cabe recordar que el producto MEL ofrece cobertura en caso de Incapacidad temporal (baja laboral) e Incapacidad Permanente y Absoluta (invalidez); adem\u00e1s de Dependencia, y Vida y Jubilaci\u00f3n. Sus condiciones pueden variar en funci\u00f3n de la edad de contrataci\u00f3n. Mediante este producto, Mutual M\u00e9dica trabaja para que el bienestar del m\u00e9dico se vea m\u00ednimamente afectado en caso de enfermedad, dependencia o a partir del momento de su jubilaci\u00f3n.<\/p>\n\n\n\n<h3><strong>Coberturas de jubilaci\u00f3n, cada vez m\u00e1s necesarias<\/strong><\/h3>\n\n\n\n<p>En 2022 tambi\u00e9n se ha registrado un incremento de la contrataci\u00f3n de las coberturas de jubilaci\u00f3n, que crece un 10% respecto a 2021. Este hecho refleja la mayor concienciaci\u00f3n del colectivo de mutualistas sobre la necesidad de contar con una buena cobertura despu\u00e9s de su jubilaci\u00f3n para garantizar un nivel adecuado de ingresos. <\/p>\n\n\n\n<p>Al cierre del ejercicio, 71.000 mutualistas (86% del total) cuentan con un seguro de jubilaci\u00f3n, un 10% m\u00e1s que al finalizar 2021.<\/p>\n\n\n\n<h4 class=\"has-text-align-center\">Evoluci\u00f3n de mutualistas con la cobertura de jubilaci\u00f3n<\/h4>\n\n\n\n<figure class=\"wp-block-video w70 d\"><video autoplay muted src=\"https:\/\/informe-anual-2022.mutualmedica.com\/wp-content\/uploads\/2023\/05\/03-04-evolucion-mutualistas-jubilacion.mp4\" playsinline><\/video><\/figure>\n\n\n\n<figure class=\"wp-block-image size-large m\"><img loading=\"lazy\" width=\"1024\" height=\"558\" src=\"https:\/\/informe-anual-2022.mutualmedica.com\/wp-content\/uploads\/2023\/05\/Evolucion-mutualistas-con-la-cobertura-1024x558.jpg\" alt=\"\" class=\"wp-image-2757\" srcset=\"https:\/\/informe-anual-2022.mutualmedica.com\/wp-content\/uploads\/2023\/05\/Evolucion-mutualistas-con-la-cobertura-980x534.jpg 980w, https:\/\/informe-anual-2022.mutualmedica.com\/wp-content\/uploads\/2023\/05\/Evolucion-mutualistas-con-la-cobertura-480x262.jpg 480w\" sizes=\"(min-width: 0px) and (max-width: 480px) 480px, (min-width: 481px) and (max-width: 980px) 980px, (min-width: 981px) 1024px, 100vw\" \/><\/figure>\n\n\n\n<h3><strong>Coberturas vinculadas a la salud mental<\/strong><\/h3>\n\n\n\n<p>A pesar de considerarse 2022 como el a\u00f1o de la \u201cvuelta a la normalidad\u201d tras la pandemia, el impacto del coronavirus fue todav\u00eda muy relevante en el primer semestre del a\u00f1o, en el que recibimos un volumen importante de solicitudes de prestaci\u00f3n para incapacidades derivadas de la COVID-19. A partir de agosto, el n\u00famero de solicitudes fue disminuyendo de manera significativa.<\/p>\n\n\n\n<p>Por el contrario, a lo largo del a\u00f1o se ha ido registrando un incremento progresivo de las solicitudes de prestaci\u00f3n para cubrir las incapacidades derivadas de trastornos y enfermedades mentales. Por este motivo y en cumplimiento de nuestro compromiso de mejora continua de las coberturas a los m\u00e9dicos, la Asamblea General de junio de 2022 aprob\u00f3 cubrir la incapacidad temporal derivada de enfermedades mentales y aquellas entidades nosol\u00f3gicas en las que no exista medio diagn\u00f3stico que permita resultados objetivos o patognom\u00f3nicos. Esta cobertura cuenta con una limitaci\u00f3n de 90 d\u00edas por anualidad en cada proceso, con un m\u00e1ximo de tres procesos durante la vida del mutualista. Hasta la aprobaci\u00f3n de esta nueva prestaci\u00f3n, estas patolog\u00edas se cubr\u00edan \u00fanicamente cuando produc\u00edan una IPA (Incapacidad Permanente y Absoluta).<\/p>\n\n\n\n<p>La inclusi\u00f3n de la cobertura de salud mental bajo estas condiciones es una iniciativa pionera de Mutual M\u00e9dica, que surge como respuesta de la entidad a una de las preocupaciones de los profesionales m\u00e9dicos en la actualidad. Con la r\u00e1pida integraci\u00f3n de esta medida, damos un nuevo paso adelante en nuestra misi\u00f3n de acompa\u00f1ar a los m\u00e9dicos durante toda su carrera profesional y en todos sus aspectos vitales. Por \u00faltimo, la Asamblea General tambi\u00e9n aprob\u00f3 ampliar la cobertura por permiso de paternidad de 5 a 16 semanas.<\/p>\n\n\n\n<p>Estas nuevas coberturas no suponen un aumento de primas para los mutualistas.<\/p>\n\n\n\n<h3><strong>Evoluci\u00f3n de expedientes tramitados<\/strong><\/h3>\n\n\n\n<p>El principal compromiso de Mutual M\u00e9dica con los mutualistas es cubrir las prestaciones que tienen contratadas con la entidad. En 2022 se han tramitado 14.861 expedientes, un 37% m\u00e1s que el a\u00f1o anterior. El 80% de ellos correspondieron a expedientes de prestaciones de No Vida y el 20% restante, a seguros de Vida y Ahorro.<\/p>\n\n\n\n<ul><li><strong>Expedientes de Vida:<\/strong> 2.931<\/li><\/ul>\n\n\n\n<ul><li><strong>Expedientes de No Vida:<\/strong> 11.930 (incluye seguros de 30 Primeros D\u00edas, Invalidez y Guardias)<ul><li>Relacionados con COVID-19: 5.210<\/li><li>Permiso de maternidad: 622<\/li><li>Permisos paternales: 408<\/li><li>Riesgos del embarazo: 295<\/li><li>Otros: 5.395*<\/li><\/ul><\/li><\/ul>\n\n\n\n<figure class=\"wp-block-video w70 d\"><video autoplay muted src=\"https:\/\/informe-anual-2022.mutualmedica.com\/wp-content\/uploads\/2023\/05\/03-05-expedientes-2022.mp4\" playsinline><\/video><\/figure>\n\n\n\n<div class=\"wp-block-image m\"><figure class=\"aligncenter size-large is-resized\"><img loading=\"lazy\" src=\"https:\/\/informe-anual-2022.mutualmedica.com\/wp-content\/uploads\/2023\/06\/03-05-expedientes-incapacidad-893x1024.jpg\" alt=\"\" class=\"wp-image-3583\" width=\"433\" height=\"493\"\/><\/figure><\/div>\n\n\n\n<p>*Se han tramitado 1.053 expedientes del Seguro de Guardias-Incapacidad temporal; m\u00e1s de un 75% de ellos corresponde a expedientes de m\u00e9dicos menores de 36 a\u00f1os. Este seguro forma parte de las coberturas del Mutualista Joven.<\/p>\n\n\n\n<h3><strong>Prestaciones pagadas<\/strong><\/h3>\n\n\n\n<p>El importe de las prestaciones pagadas durante el ejercicio 2022 alcanz\u00f3 los 37,4 millones de euros, un 33% m\u00e1s que el a\u00f1o anterior. Un 33% de este importe corresponde a pagos de prestaciones de No Vida y un 67%, a pagos de capitales (seguros de Vida y Ahorro).<\/p>\n\n\n\n<ul><li>Prestaciones pagadas de Vida: 25,2 millones<ul><li>Jubilaci\u00f3n: 11,9 millones (47% de las prestaciones de Vida)<\/li><li>SAI: 9,5 millones (38%)<\/li><li>Otras contingencias: 3,8 millones<\/li><\/ul><\/li><li>Prestaciones pagadas de No Vida: 12,2 millones (96,6% de prestaciones derivadas del Seguro de Invalidez, 2,5% de pagos del Seguro de Guardias y 0,9% de otros seguros).<\/li><\/ul>\n\n\n\n<p>Debe comentarse tambi\u00e9n que cada a\u00f1o se incrementa el n\u00famero de mutualistas que deciden cobrar sus seguros de jubilaci\u00f3n en forma de renta (mensual o anual), lo que les permite disponer de unos ingresos regulares que complementan su pensi\u00f3n mensual y mantener el nivel de vida previo a la jubilaci\u00f3n, adem\u00e1s de beneficiarse de las ventajas fiscales del cobro en forma de renta.<\/p>\n\n\n\n<h3><strong>Ventajas adicionales a los mutualistas<\/strong><\/h3>\n\n\n\n<p>Pero nuestro compromiso con los mutualistas va m\u00e1s all\u00e1 del pago de estas prestaciones. As\u00ed, Mutual M\u00e9dica ofrece un conjunto de prestaciones sociales en beneficio de diversos colectivos de mutualistas definidas en los estatutos de la mutualidad, entre las que destacamos las siguientes: <\/p>\n\n\n\n<ul><li>Exoneraci\u00f3n del pago de las primas de los seguros que tengan contratados a los m\u00e9dicos mayores de 90 a\u00f1os.<\/li><li>Premio de Natalidad a los mutualistas que hayan tenido un hijo. En 2022, 474 mutualistas pudieron disfrutar del pago de 150 euros por hijo y la contrataci\u00f3n del Seguro de Orfandad gratuito el primer a\u00f1o.&nbsp;<\/li><li>Seguros gratuitos de asistencia en viaje y de agresiones (desarrollado en el punto siguiente).<\/li><li>En la Asamblea General de junio de 2022, se aprob\u00f3 una nueva medida que se a\u00f1ade a las que ya se ofrec\u00edan hasta la fecha. Esta medida consiste en la exoneraci\u00f3n del pago de las primas del seguro de invalidez a los mutualistas con Incapacidad Permanente y Absoluta, a partir de la siguiente anualidad de la declaraci\u00f3n de la IPA. Estas primas ser\u00e1n abonadas por Mutual M\u00e9dica a cargo de prestaciones sociales. Con anterioridad a esta aprobaci\u00f3n, la exoneraci\u00f3n de primas se aplicaba a partir de los cinco a\u00f1os de apertura del expediente.<\/li><\/ul>\n\n\n\n<p>Como hecho relevante, debe comentarse tambi\u00e9n que, tras la aprobaci\u00f3n de la Asamblea General de cubrir las incapacidades temporales derivadas de patolog\u00edas ps\u00edquicas y psiqui\u00e1tricas (efecto a enero de 2023), se acord\u00f3 de<strong> manera excepcional<\/strong> valorar las solicitudes de prestaciones de los mutualistas, derivadas de estas patolog\u00edas que fueran solicitadas a partir de la Asamblea y darles cobertura aplicando los mismos requisitos y pautas.<\/p>\n\n\n\n<h3><strong>Nuestro compromiso con el colectivo m\u00e9dico<\/strong><\/h3>\n\n\n\n<p>Por su impacto en el colectivo m\u00e9dico, merece la pena completar la informaci\u00f3n relativa al <strong>Seguro de Agresiones.<\/strong> En enero de 2022, Mutual M\u00e9dica acord\u00f3 ampliar la cobertura de este seguro a todos los m\u00e9dicos que ejercen y est\u00e1n colegiados en Espa\u00f1a. La lacra de las agresiones f\u00edsicas y los insultos y amenazas que reciben algunos profesionales obliga a la mutualidad a actuar con proactividad en favor del colectivo; por ello, a trav\u00e9s del Seguro de Agresiones, Mutual M\u00e9dica da cobertura por incapacidad temporal en caso de agresi\u00f3n a todos los m\u00e9dicos.<\/p>\n\n\n\n<p>En 2022, un total de 11 m\u00e9dicos han solicitado cubrir la incapacidad temporal por caso de agresi\u00f3n. Siete de estos 11 m\u00e9dicos agredidos son mutualistas (cobertura doble por m\u00e9dico y mutualista):<\/p>\n\n\n\n<ul><li>Prestaciones pagadas por ser mutualistas: 5.150 \u20ac<\/li><li>Prestaciones pagadas por ser colegiados: 7.400 \u20ac<\/li><\/ul>\n\n\n\n<p>Tambi\u00e9n hemos ampliado las coberturas del <strong>seguro para los m\u00e9dicos cooperantes,<\/strong> en reconocimiento a su labor de cooperaci\u00f3n y voluntariado altruista. Este seguro se ofrece gratuitamente a los m\u00e9dicos cooperantes a trav\u00e9s del acuerdo de colaboraci\u00f3n entre la Fundaci\u00f3n para la Cooperaci\u00f3n Internacional de la OMC y Mutual M\u00e9dica. En 2022, un total de 274 m\u00e9dicos han solicitado la contrataci\u00f3n del seguro de m\u00e9dico cooperante.<\/p>\n\n\n\n<p>Cabe rese\u00f1ar la actividad del <strong>Servicio de Atenci\u00f3n al Cliente (SAC)<\/strong> en su labor de recoger y resolver las reclamaciones de los mutualistas. Un total de tres mutualistas se han dirigido al SAC durante 2022, pero \u00fanicamente han sido tramitados dos de los casos por corresponder a verdaderas quejas o reclamaciones. Ambos fueron desestimados por el SAC, que resolvi\u00f3 a favor de Mutual M\u00e9dica.<\/p>\n\n\n\n<p>La mejora de productos y servicios para cuidar del m\u00e9dico durante toda su trayectoria profesional y personal es posible gracias a que, como \u201cmutualidad de previsi\u00f3n social\u201d, Mutual M\u00e9dica reinvierte todos sus beneficios en la renovaci\u00f3n de su oferta. Un a\u00f1o m\u00e1s, quisiera agradecer la confianza que nos demuestran los mutualistas, as\u00ed como la profesionalidad, transparencia y capacidad de servicio de todo el equipo de Mutual M\u00e9dica. <\/p>\n\n\n\n<p>Muchas gracias por ayudarnos a seguir creciendo en beneficio de todos.<\/p>\n\n\n\n<p><\/p>\n\n\n\n<figure class=\"wp-block-image size-full is-resized fotoRounded is-style-rounded\"><img loading=\"lazy\" src=\"https:\/\/informe-anual-2022.mutualmedica.com\/wp-content\/uploads\/2022\/05\/Secretaria_Dra_M_Asuncion_Torrents2.jpg\" alt=\"\" class=\"wp-image-1462\" width=\"216\" height=\"216\"\/><\/figure>\n\n\n\n<figure class=\"wp-block-image size-large is-resized\"><img loading=\"lazy\" src=\"https:\/\/informe-anual-2022.mutualmedica.com\/wp-content\/uploads\/2022\/05\/SignaturaAssumcio-1024x630.jpg\" alt=\"\" class=\"wp-image-1453\" width=\"176\" height=\"108\"\/><\/figure>\n\n\n\n<p><strong>Dra. M. Asunci\u00f3n Torrents Fern\u00e1ndez<\/strong><br>Secretaria del Consejo de Administraci\u00f3n<\/p>\n\n\n\n<div style=\"height:50px\" aria-hidden=\"true\" class=\"wp-block-spacer\"><\/div>\n","protected":false},"excerpt":{"rendered":"<p>Informe de Secretar\u00eda Estimados mutualistas: El objetivo de este cap\u00edtulo es la presentaci\u00f3n e interpretaci\u00f3n de los principales indicadores en 2022, un a\u00f1o que ha resultado de especial actividad para Mutual M\u00e9dica en nuestra vocaci\u00f3n de adaptar constantemente nuestros productos y servicios para responder a las necesidades reales del colectivo de mutualistas, tanto a nivel [&hellip;]<\/p>\n","protected":false},"author":1,"featured_media":3441,"parent":0,"menu_order":0,"comment_status":"closed","ping_status":"closed","template":"","meta":{"_et_pb_use_builder":"","_et_pb_old_content":"","_et_gb_content_width":""},"_links":{"self":[{"href":"https:\/\/informe-anual-2022.mutualmedica.com\/wp-json\/wp\/v2\/pages\/250"}],"collection":[{"href":"https:\/\/informe-anual-2022.mutualmedica.com\/wp-json\/wp\/v2\/pages"}],"about":[{"href":"https:\/\/informe-anual-2022.mutualmedica.com\/wp-json\/wp\/v2\/types\/page"}],"author":[{"embeddable":true,"href":"https:\/\/informe-anual-2022.mutualmedica.com\/wp-json\/wp\/v2\/users\/1"}],"replies":[{"embeddable":true,"href":"https:\/\/informe-anual-2022.mutualmedica.com\/wp-json\/wp\/v2\/comments?post=250"}],"version-history":[{"count":75,"href":"https:\/\/informe-anual-2022.mutualmedica.com\/wp-json\/wp\/v2\/pages\/250\/revisions"}],"predecessor-version":[{"id":3808,"href":"https:\/\/informe-anual-2022.mutualmedica.com\/wp-json\/wp\/v2\/pages\/250\/revisions\/3808"}],"wp:featuredmedia":[{"embeddable":true,"href":"https:\/\/informe-anual-2022.mutualmedica.com\/wp-json\/wp\/v2\/media\/3441"}],"wp:attachment":[{"href":"https:\/\/informe-anual-2022.mutualmedica.com\/wp-json\/wp\/v2\/media?parent=250"}],"curies":[{"name":"wp","href":"https:\/\/api.w.org\/{rel}","templated":true}]}}